{"id":121,"date":"2016-02-24T09:00:40","date_gmt":"2016-02-24T08:00:40","guid":{"rendered":"http:\/\/bridge6.qodeinteractive.com\/?page_id=121"},"modified":"2025-10-20T11:55:30","modified_gmt":"2025-10-20T09:55:30","slug":"observatoire-ales-cevennes","status":"publish","type":"page","link":"https:\/\/www.alesmyriapolis.com\/index.php\/observatoire-ales-cevennes\/","title":{"rendered":"Observatoire Al\u00e8s C\u00e9vennes"},"content":{"rendered":"<p>[vc_row css_animation=\u00a0\u00bb\u00a0\u00bb row_type=\u00a0\u00bbrow\u00a0\u00bb use_row_as_full_screen_section=\u00a0\u00bbno\u00a0\u00bb type=\u00a0\u00bbgrid\u00a0\u00bb angled_section=\u00a0\u00bbno\u00a0\u00bb text_align=\u00a0\u00bbleft\u00a0\u00bb background_image_as_pattern=\u00a0\u00bbwithout_pattern\u00a0\u00bb z_index=\u00a0\u00bb\u00a0\u00bb][vc_column width=\u00a0\u00bb2\/3&Prime;][vc_column_text]<\/p>\n<h3>Nos publications<\/h3>\n<p>[\/vc_column_text][vc_empty_space height=\u00a0\u00bb80px\u00a0\u00bb]<div class='q_masonry_blog'><div class=\"q_masonry_blog_grid_sizer\"><\/div><div class=\"q_masonry_blog_grid_gutter\"><\/div><article  class='post-3265 post type-post status-publish format-standard has-post-thumbnail hentry category-observatoire '><div class=\"q_masonry_blog_post_image\"><a itemprop=\"url\" href=\"https:\/\/www.alesmyriapolis.com\/wp-content\/uploads\/2025\/12\/DEMOGRAPHIE-ALES-AGGLO-2026-2.pdf\" target=\"_self\"><img decoding=\"async\" itemprop=\"image\" src=\"https:\/\/www.alesmyriapolis.com\/wp-content\/uploads\/2025\/09\/Copy-of-Copy-of-Copy-of-IMPACT-SCORE.jpg\" \/><\/a><\/div><div class=\"q_masonry_blog_post_text\"><h6 itemprop=\"name\" class=\"q_masonry_blog_title entry_title\"><a itemprop=\"url\" href=\"https:\/\/www.alesmyriapolis.com\/wp-content\/uploads\/2025\/12\/DEMOGRAPHIE-ALES-AGGLO-2026-2.pdf\">Al\u00e8s Agglo, au c\u0153ur des dynamiques d\u00e9mographiques r\u00e9gionales<\/a><\/h6><p itemprop=\"description\" class=\"q_masonry_blog_excerpt\">Al\u00e8s Agglom\u00e9ration confirme une forte dynamique d\u00e9mographique. En 2023, elle compte 137 470 habitants, soit +8 313 habitants en six ans, avec une croissance annuelle moyenne de +1,05 %, sup\u00e9rieure......<\/p><div class=\"q_masonry_blog_post_info\"><\/div><\/div><\/article><article  class='post-3121 post type-post status-publish format-standard has-post-thumbnail hentry category-observatoire '><div class=\"q_masonry_blog_post_image\"><a itemprop=\"url\" href=\"https:\/\/www.alesmyriapolis.com\/wp-content\/uploads\/2025\/06\/INFOGRAPHIE-IMPACT-SCORE-VF.pdf\" target=\"_self\"><img decoding=\"async\" itemprop=\"image\" src=\"https:\/\/www.alesmyriapolis.com\/wp-content\/uploads\/2025\/01\/IMPACT-SCORE-4.jpg\" \/><\/a><\/div><div class=\"q_masonry_blog_post_text\"><h6 itemprop=\"name\" class=\"q_masonry_blog_title entry_title\"><a itemprop=\"url\" href=\"https:\/\/www.alesmyriapolis.com\/wp-content\/uploads\/2025\/06\/INFOGRAPHIE-IMPACT-SCORE-VF.pdf\">Comment mesurer son impact score ?<\/a><\/h6><p itemprop=\"description\" class=\"q_masonry_blog_excerpt\">Mesurer pour mieux ajuster. \u00ab\u00a0Pour une entreprise plus robuste face aux d\u00e9fis de demain et plus d\u00e9sirable gr\u00e2ce \u00e0 des valeurs en action.\u00a0\u00bb...<\/p><div class=\"q_masonry_blog_post_info\"><\/div><\/div><\/article><article  class='post-3155 post type-post status-publish format-standard has-post-thumbnail hentry category-observatoire '><div class=\"q_masonry_blog_post_image\"><a itemprop=\"url\" href=\"https:\/\/www.alesmyriapolis.com\/wp-content\/uploads\/2025\/02\/Observatoire-conomique-1-1.jpg\" target=\"_self\"><img decoding=\"async\" itemprop=\"image\" src=\"https:\/\/www.alesmyriapolis.com\/wp-content\/uploads\/2025\/02\/Observatoire.jpg\" \/><\/a><\/div><div class=\"q_masonry_blog_post_text\"><h6 itemprop=\"name\" class=\"q_masonry_blog_title entry_title\"><a itemprop=\"url\" href=\"https:\/\/www.alesmyriapolis.com\/wp-content\/uploads\/2025\/02\/Observatoire-conomique-1-1.jpg\">De la donn\u00e9e \u00e0 l\u2019action : le r\u00f4le de l\u2019Observatoire<\/a><\/h6><p itemprop=\"description\" class=\"q_masonry_blog_excerpt\">Chaque donn\u00e9e suit un v\u00e9ritable parcours : de simple chiffre, elle devient un outil de compr\u00e9hension du territoire. Utilis\u00e9e de mani\u00e8re intelligente et \u00e9clair\u00e9e, elle se transforme en levier d\u2019action......<\/p><div class=\"q_masonry_blog_post_info\"><\/div><\/div><\/article><article  class='post-3272 post type-post status-publish format-standard has-post-thumbnail hentry category-non-classe category-observatoire '><div class=\"q_masonry_blog_post_image\"><a itemprop=\"url\" href=\"https:\/\/www.alesmyriapolis.com\/wp-content\/uploads\/2025\/10\/Chiffres-cls-par-IRIS-edition-2025.pdf\" target=\"_self\"><img decoding=\"async\" itemprop=\"image\" src=\"https:\/\/www.alesmyriapolis.com\/wp-content\/uploads\/2025\/09\/Copy-of-Copy-of-Copy-of-IMPACT-SCORE-2.jpg\" \/><\/a><\/div><div class=\"q_masonry_blog_post_text\"><h6 itemprop=\"name\" class=\"q_masonry_blog_title entry_title\"><a itemprop=\"url\" href=\"https:\/\/www.alesmyriapolis.com\/wp-content\/uploads\/2025\/10\/Chiffres-cls-par-IRIS-edition-2025.pdf\">Indicateurs cl\u00e9s par IRIS : mieux conna\u00eetre votre environnement<\/a><\/h6><p itemprop=\"description\" class=\"q_masonry_blog_excerpt\">Chiffres-cles-par-IRIS-\u00e9dition-2025 Les donn\u00e9es \u00e0 l\u2019\u00e9chelle infra-communale (IRIS) offrent une vision d\u00e9taill\u00e9e de la population et de son \u00e9volution. Elles permettent aux collectivit\u00e9s locales de mieux pr\u00e9parer leurs politiques publiques. Les......<\/p><div class=\"q_masonry_blog_post_info\"><\/div><\/div><\/article><article  class='post-3281 post type-post status-publish format-standard has-post-thumbnail hentry category-observatoire '><div class=\"q_masonry_blog_post_image\"><a itemprop=\"url\" href=\"https:\/\/www.alesmyriapolis.com\/wp-content\/uploads\/2025\/10\/Agriculture-biologique-2025-3.pdf\" target=\"_self\"><img decoding=\"async\" itemprop=\"image\" src=\"https:\/\/www.alesmyriapolis.com\/wp-content\/uploads\/2025\/09\/Copy-of-Copy-of-IMPACT-SCORE-4.jpg\" \/><\/a><\/div><div class=\"q_masonry_blog_post_text\"><h6 itemprop=\"name\" class=\"q_masonry_blog_title entry_title\"><a itemprop=\"url\" href=\"https:\/\/www.alesmyriapolis.com\/wp-content\/uploads\/2025\/10\/Agriculture-biologique-2025-3.pdf\">L&rsquo;agriculture biologique en plein essor sur Al\u00e8s Agglom\u00e9ration&#8230;<\/a><\/h6><p itemprop=\"description\" class=\"q_masonry_blog_excerpt\">Al\u00e8s Agglom\u00e9ration se positionne comme le premier territoire du Gard en agriculture biologique, avec 5 000 hectares certifi\u00e9s et 67 entreprises engag\u00e9es. L\u2019apiculture bio conna\u00eet un essor spectaculaire : plus......<\/p><div class=\"q_masonry_blog_post_info\"><\/div><\/div><\/article><article  class='post-3299 post type-post status-publish format-standard has-post-thumbnail hentry category-non-classe category-observatoire '><div class=\"q_masonry_blog_post_image\"><a itemprop=\"url\" href=\"https:\/\/www.alesmyriapolis.com\/wp-content\/uploads\/2025\/09\/Leconomie-alesenne-1.pdf\" target=\"_self\"><img decoding=\"async\" itemprop=\"image\" src=\"https:\/\/www.alesmyriapolis.com\/wp-content\/uploads\/2025\/09\/ECONOMIE-ALESIENNE.jpg\" \/><\/a><\/div><div class=\"q_masonry_blog_post_text\"><h6 itemprop=\"name\" class=\"q_masonry_blog_title entry_title\"><a itemprop=\"url\" href=\"https:\/\/www.alesmyriapolis.com\/wp-content\/uploads\/2025\/09\/Leconomie-alesenne-1.pdf\">Quand les chiffres parlent : L\u2019\u00e9conomie d\u2019Al\u00e8s Agglom\u00e9ration\u00a0\u00a0<\/a><\/h6><p itemprop=\"description\" class=\"q_masonry_blog_excerpt\">Al\u00e8s Agglo se distingue par un tissu \u00e9conomique dense et diversifi\u00e9, o\u00f9 le tertiaire, l\u2019industrie et les services connaissent des dynamiques compl\u00e9mentaires. Le territoire affiche une croissance soutenue de l\u2019emploi......<\/p><div class=\"q_masonry_blog_post_info\"><\/div><\/div><\/article><article  class='post-3063 post type-post status-publish format-standard has-post-thumbnail hentry category-observatoire '><div class=\"q_masonry_blog_post_image\"><a itemprop=\"url\" href=\"https:\/\/www.alesmyriapolis.com\/index.php\/2024\/11\/07\/resultats-du-quizz-de-la-soiree-25-ans-de-lagence\/\" target=\"_self\"><img decoding=\"async\" itemprop=\"image\" src=\"https:\/\/www.alesmyriapolis.com\/wp-content\/uploads\/2024\/11\/Copy-of-IMPACT-SCORE-2.jpg\" \/><\/a><\/div><div class=\"q_masonry_blog_post_text\"><h6 itemprop=\"name\" class=\"q_masonry_blog_title entry_title\"><a itemprop=\"url\" href=\"https:\/\/www.alesmyriapolis.com\/index.php\/2024\/11\/07\/resultats-du-quizz-de-la-soiree-25-ans-de-lagence\/\">R\u00e9sultats du Quizz de la soir\u00e9e 25 ans de l&rsquo;agence<\/a><\/h6><p itemprop=\"description\" class=\"q_masonry_blog_excerpt\">Enqu\u00eate aupr\u00e8s des entreprises adh\u00e9rentes \u00e0 l&rsquo;agence Al\u00e8s Myriapolis, Octobre 2024. &nbsp;...<\/p><div class=\"q_masonry_blog_post_info\"><\/div><\/div><\/article><article  class='post-3238 post type-post status-publish format-standard has-post-thumbnail hentry category-observatoire '><div class=\"q_masonry_blog_post_image\"><a itemprop=\"url\" href=\"https:\/\/www.alesmyriapolis.com\/wp-content\/uploads\/2025\/11\/INDUSTRIE-2.pdf\" target=\"_self\"><img decoding=\"async\" itemprop=\"image\" src=\"https:\/\/www.alesmyriapolis.com\/wp-content\/uploads\/2025\/09\/VISUEL-INDUSTRIE-1.jpg\" \/><\/a><\/div><div class=\"q_masonry_blog_post_text\"><h6 itemprop=\"name\" class=\"q_masonry_blog_title entry_title\"><a itemprop=\"url\" href=\"https:\/\/www.alesmyriapolis.com\/wp-content\/uploads\/2025\/11\/INDUSTRIE-2.pdf\">Un regard chiffr\u00e9 sur l\u2019industrie du territoire<\/a><\/h6><p itemprop=\"description\" class=\"q_masonry_blog_excerpt\">Al\u00e8s Agglom\u00e9ration confirme son \u00e9lan industriel : cr\u00e9ation d\u2019entreprises, emploi et attractivit\u00e9 sont en forte progression. Le territoire se distingue avec une part d\u2019emplois industriels de 16,4 %, sup\u00e9rieure \u00e0......<\/p><div class=\"q_masonry_blog_post_info\"><\/div><\/div><\/article><\/div>[\/vc_column][vc_column width=\u00a0\u00bb1\/3&Prime;][vc_column_text]<\/p>\n<h3>Nos prestations<\/h3>\n<p>[\/vc_column_text][vc_separator type=\u00a0\u00bbsmall\u00a0\u00bb position=\u00a0\u00bbleft\u00a0\u00bb color=\u00a0\u00bb#00a8ff\u00a0\u00bb][vc_single_image image=\u00a0\u00bb3336&Prime; img_size=\u00a0\u00bb\u00a0\u00bb onclick=\u00a0\u00bbcustom_link\u00a0\u00bb img_link_target=\u00a0\u00bb_blank\u00a0\u00bb qode_css_animation=\u00a0\u00bb\u00a0\u00bb link=\u00a0\u00bbhttps:\/\/www.alesmyriapolis.com\/wp-content\/uploads\/2025\/10\/Prestations-de-lobservatoire-3.pdf\u00a0\u00bb][\/vc_column][\/vc_row]<\/p>\n","protected":false},"excerpt":{"rendered":"<p>[vc_row css_animation=\u00a0\u00bb\u00a0\u00bb row_type=\u00a0\u00bbrow\u00a0\u00bb use_row_as_full_screen_section=\u00a0\u00bbno\u00a0\u00bb type=\u00a0\u00bbgrid\u00a0\u00bb angled_section=\u00a0\u00bbno\u00a0\u00bb text_align=\u00a0\u00bbleft\u00a0\u00bb background_image_as_pattern=\u00a0\u00bbwithout_pattern\u00a0\u00bb z_index=\u00a0\u00bb\u00a0\u00bb][vc_column width=\u00a0\u00bb2\/3&Prime;][vc_column_text] Nos publications [\/vc_column_text][vc_empty_space height=\u00a0\u00bb80px\u00a0\u00bb][\/vc_column][vc_column width=\u00a0\u00bb1\/3&Prime;][vc_column_text] Nos prestations [\/vc_column_text][vc_separator type=\u00a0\u00bbsmall\u00a0\u00bb position=\u00a0\u00bbleft\u00a0\u00bb color=\u00a0\u00bb#00a8ff\u00a0\u00bb][vc_single_image image=\u00a0\u00bb3336&Prime; img_size=\u00a0\u00bb\u00a0\u00bb onclick=\u00a0\u00bbcustom_link\u00a0\u00bb img_link_target=\u00a0\u00bb_blank\u00a0\u00bb qode_css_animation=\u00a0\u00bb\u00a0\u00bb link=\u00a0\u00bbhttps:\/\/www.alesmyriapolis.com\/wp-content\/uploads\/2025\/10\/Prestations-de-lobservatoire-3.pdf\u00a0\u00bb][\/vc_column][\/vc_row]<\/p>\n","protected":false},"author":1,"featured_media":3169,"parent":0,"menu_order":0,"comment_status":"closed","ping_status":"closed","template":"full_width.php","meta":{"footnotes":"","_links_to":"","_links_to_target":""},"class_list":["post-121","page","type-page","status-publish","has-post-thumbnail","hentry"],"_links":{"self":[{"href":"https:\/\/www.alesmyriapolis.com\/index.php\/wp-json\/wp\/v2\/pages\/121","targetHints":{"allow":["GET"]}}],"collection":[{"href":"https:\/\/www.alesmyriapolis.com\/index.php\/wp-json\/wp\/v2\/pages"}],"about":[{"href":"https:\/\/www.alesmyriapolis.com\/index.php\/wp-json\/wp\/v2\/types\/page"}],"author":[{"embeddable":true,"href":"https:\/\/www.alesmyriapolis.com\/index.php\/wp-json\/wp\/v2\/users\/1"}],"replies":[{"embeddable":true,"href":"https:\/\/www.alesmyriapolis.com\/index.php\/wp-json\/wp\/v2\/comments?post=121"}],"version-history":[{"count":31,"href":"https:\/\/www.alesmyriapolis.com\/index.php\/wp-json\/wp\/v2\/pages\/121\/revisions"}],"predecessor-version":[{"id":3338,"href":"https:\/\/www.alesmyriapolis.com\/index.php\/wp-json\/wp\/v2\/pages\/121\/revisions\/3338"}],"wp:featuredmedia":[{"embeddable":true,"href":"https:\/\/www.alesmyriapolis.com\/index.php\/wp-json\/wp\/v2\/media\/3169"}],"wp:attachment":[{"href":"https:\/\/www.alesmyriapolis.com\/index.php\/wp-json\/wp\/v2\/media?parent=121"}],"curies":[{"name":"wp","href":"https:\/\/api.w.org\/{rel}","templated":true}]}}