{"id":549,"date":"2018-04-20T16:16:26","date_gmt":"2018-04-20T14:16:26","guid":{"rendered":"http:\/\/alesmyriapolis.com\/?page_id=549"},"modified":"2026-04-16T10:29:20","modified_gmt":"2026-04-16T08:29:20","slug":"contact-3","status":"publish","type":"page","link":"https:\/\/www.alesmyriapolis.com\/index.php\/contact-3\/","title":{"rendered":"Contact"},"content":{"rendered":"<p>[vc_row css_animation=\u00a0\u00bb\u00a0\u00bb row_type=\u00a0\u00bbrow\u00a0\u00bb use_row_as_full_screen_section=\u00a0\u00bbno\u00a0\u00bb type=\u00a0\u00bbfull_width\u00a0\u00bb angled_section=\u00a0\u00bbno\u00a0\u00bb text_align=\u00a0\u00bbleft\u00a0\u00bb background_image_as_pattern=\u00a0\u00bbwithout_pattern\u00a0\u00bb][vc_column width=\u00a0\u00bb1\/3&Prime; css=\u00a0\u00bb.vc_custom_1524470723903{background-color: #0097ce !important;}\u00a0\u00bb][vc_empty_space][vc_column_text]<\/p>\n<h5>Al\u00e8s Myriapolis<\/h5>\n<h6><\/h6>\n<p>&nbsp;<\/p>\n<h6>LE HUP<br \/>\n6 place des Martyrs de la R\u00e9sistance &#8211; 30100 Al\u00e8s<\/h6>\n<p>T\u00e9l. 04 66 55 84 84<\/p>\n<p>Standard : Du lundi au jeudi 8h30 &#8211; 12h00 \/ 13h30 &#8211; 17h30 et vendredi jusqu&rsquo;\u00e0 17h00<\/p>\n<p>&nbsp;<\/p>\n<h6>DIGIT&rsquo;Al\u00e8s<br \/>\nB\u00e2t Le Myriapole &#8211; 1675 chemin de trespeaux &#8211; 30100 Al\u00e8s<\/h6>\n<p>T\u00e9l. 04 66 52 82 63<\/p>\n<p>Standard : 9h00 &#8211; 12h00 \/ 13h30 &#8211; 18h00[\/vc_column_text][vc_empty_space][vc_empty_space][\/vc_column][vc_column width=\u00a0\u00bb1\/3&Prime;][vc_accordion style=\u00a0\u00bbaccordion\u00a0\u00bb][vc_accordion_tab title=\u00a0\u00bbDirection\u00a0\u00bb][vc_column_text]<strong>Annick Le Lan<\/strong><\/p>\n<p>+33 (0)4 66 55 84 84[\/vc_column_text][\/vc_accordion_tab][vc_accordion_tab title=\u00a0\u00bbImplantation \/ Reprise\u00a0\u00bb][vc_column_text]<\/p>\n<p class=\"q_team_name\"><strong>Philippe Aparicio<\/strong><\/p>\n<p>+33 (0)6 11 93 66 89<br \/>\n+33 (0)4 66 55 84 87[\/vc_column_text][\/vc_accordion_tab][vc_accordion_tab title=\u00a0\u00bbAgroalimentaire &#8211; Agriculture\u00a0\u00bb][vc_column_text]<strong>Romain Biau<\/strong><\/p>\n<p>+33 (0)6 73 31 85 19<br \/>\n+33 (0)4 66 55 84 81[\/vc_column_text][\/vc_accordion_tab][vc_accordion_tab title=\u00a0\u00bbCr\u00e9ation d&rsquo;entreprise &#8211; Animation \u00e9conomique territoriale\u00a0\u00bb][vc_column_text]<strong>Lucie Thomas-Armandou<\/strong><\/p>\n<p>+33 (0)6 27 59 70 85<\/p>\n<p>+33 (0)4 66 55 84 91[\/vc_column_text][\/vc_accordion_tab][\/vc_accordion][vc_empty_space][\/vc_column][vc_column width=\u00a0\u00bb1\/3&Prime;][vc_accordion active_tab=\u00a0\u00bb1&Prime; style=\u00a0\u00bbaccordion\u00a0\u00bb][vc_accordion_tab title=\u00a0\u00bbAssistante de Direction\u00a0\u00bb][vc_column_text]<strong>Sandrine Tiraby<\/strong><\/p>\n<p>+33 (0)4 66 55 84 84[\/vc_column_text][\/vc_accordion_tab][vc_accordion_tab title=\u00a0\u00bbObservatoire Economique\u00a0\u00bb][vc_column_text]<strong>Samar Sayeb<\/strong><\/p>\n<p>+33 (0)6 79 98 78 86<\/p>\n<p>+33 (0)4 66 55 84 08[\/vc_column_text][\/vc_accordion_tab][vc_accordion_tab title=\u00a0\u00bbFormation &#8211; Num\u00e9rique\u00a0\u00bb][vc_column_text]<strong>Doline Nadobny<\/strong><\/p>\n<p>+33 (0)6 28 37 11 98[\/vc_column_text][\/vc_accordion_tab][vc_accordion_tab title=\u00a0\u00bbIndustrie &#8211; Innovation\u00a0\u00bb][vc_column_text]<strong>Marc Brachet<\/strong><\/p>\n<p>+33 (0)6 20 46 47 33<br \/>\n+33 (0)4 66 55 84 95[\/vc_column_text][\/vc_accordion_tab][vc_accordion_tab title=\u00a0\u00bbTransition \u00e9cologique\u00a0\u00bb][vc_column_text]<strong>William DELABY<\/strong><\/p>\n<p>+33 (0)6 76 78 81 17[\/vc_column_text][\/vc_accordion_tab][\/vc_accordion][vc_empty_space][\/vc_column][\/vc_row][vc_row css_animation=\u00a0\u00bb\u00a0\u00bb row_type=\u00a0\u00bbrow\u00a0\u00bb use_row_as_full_screen_section=\u00a0\u00bbno\u00a0\u00bb type=\u00a0\u00bbfull_width\u00a0\u00bb angled_section=\u00a0\u00bbno\u00a0\u00bb text_align=\u00a0\u00bbleft\u00a0\u00bb background_image_as_pattern=\u00a0\u00bbwithout_pattern\u00a0\u00bb background_color=\u00a0\u00bb#c4c4c4&Prime; z_index=\u00a0\u00bb\u00a0\u00bb][vc_column width=\u00a0\u00bb1\/2&Prime;][vc_empty_space][vc_column_text]<\/p>\n<h5>Envoyer un message :<\/h5>\n<p>[\/vc_column_text]\n<div class=\"wpcf7 no-js\" id=\"wpcf7-f6-o1\" lang=\"en-US\" dir=\"ltr\" data-wpcf7-id=\"6\">\n<div class=\"screen-reader-response\"><p role=\"status\" aria-live=\"polite\" aria-atomic=\"true\"><\/p> <ul><\/ul><\/div>\n<form action=\"\/index.php\/wp-json\/wp\/v2\/pages\/549#wpcf7-f6-o1\" method=\"post\" class=\"wpcf7-form init default\" aria-label=\"Contact form\" novalidate=\"novalidate\" data-status=\"init\">\n<fieldset class=\"hidden-fields-container\"><input type=\"hidden\" name=\"_wpcf7\" value=\"6\" \/><input type=\"hidden\" name=\"_wpcf7_version\" value=\"6.1.4\" \/><input type=\"hidden\" name=\"_wpcf7_locale\" value=\"en_US\" \/><input type=\"hidden\" name=\"_wpcf7_unit_tag\" value=\"wpcf7-f6-o1\" \/><input type=\"hidden\" name=\"_wpcf7_container_post\" value=\"0\" \/><input type=\"hidden\" name=\"_wpcf7_posted_data_hash\" value=\"\" \/>\n<\/fieldset>\n<p><label> Votre Nom (requis)<br \/>\n<span class=\"wpcf7-form-control-wrap\" data-name=\"your-name\"><input size=\"40\" maxlength=\"400\" class=\"wpcf7-form-control wpcf7-text wpcf7-validates-as-required\" aria-required=\"true\" aria-invalid=\"false\" value=\"\" type=\"text\" name=\"your-name\" \/><\/span> <\/label>\n<\/p>\n<p><label> Votre Email (requis)<br \/>\n<span class=\"wpcf7-form-control-wrap\" data-name=\"your-email\"><input size=\"40\" maxlength=\"400\" class=\"wpcf7-form-control wpcf7-email wpcf7-validates-as-required wpcf7-text wpcf7-validates-as-email\" aria-required=\"true\" aria-invalid=\"false\" value=\"\" type=\"email\" name=\"your-email\" \/><\/span> <\/label>\n<\/p>\n<p><label> Sujet<br \/>\n<span class=\"wpcf7-form-control-wrap\" data-name=\"your-subject\"><input size=\"40\" maxlength=\"400\" class=\"wpcf7-form-control wpcf7-text\" aria-invalid=\"false\" value=\"\" type=\"text\" name=\"your-subject\" \/><\/span> <\/label>\n<\/p>\n<p><label> Votre Message<br \/>\n<span class=\"wpcf7-form-control-wrap\" data-name=\"your-message\"><textarea cols=\"40\" rows=\"10\" maxlength=\"2000\" class=\"wpcf7-form-control wpcf7-textarea\" aria-invalid=\"false\" name=\"your-message\"><\/textarea><\/span> <\/label>\n<\/p>\n<p><input class=\"wpcf7-form-control wpcf7-submit has-spinner\" type=\"submit\" value=\"Envoyer\" \/>\n<\/p><div class=\"wpcf7-response-output\" aria-hidden=\"true\"><\/div>\n<\/form>\n<\/div>\n[vc_empty_space][\/vc_column][vc_column width=\u00a0\u00bb1\/2&Prime;][vc_empty_space][vc_empty_space][vc_gmaps link=\u00a0\u00bb#E-8_JTNDaWZyYW1lJTIwc3JjJTNEJTIyaHR0cHMlM0ElMkYlMkZ3d3cuZ29vZ2xlLmNvbSUyRm1hcHMlMkZlbWJlZCUzRnBiJTNEJTIxMW0xOCUyMTFtMTIlMjExbTMlMjExZDI4NjMuOTMxMDEzMTAxNDUzNiUyMTJkNC4wNzY0ODk3NTEyMjQ0NTclMjEzZDQ0LjEyNjA0NTA3OTAwNTQ0JTIxMm0zJTIxMWYwJTIxMmYwJTIxM2YwJTIxM20yJTIxMWkxMDI0JTIxMmk3NjglMjE0ZjEzLjElMjEzbTMlMjExbTIlMjExczB4MTJiNDQyNGFhYWM2YmFkYiUyNTNBMHgyNzIwNDgwYzdmMzM0YTM3JTIxMnNBbCUyNUMzJTI1QThzJTI1MjBNeXJpYXBvbGlzJTIxNWUwJTIxM20yJTIxMXNmciUyMTJzZnIlMjE0djE2NDI2ODU5NzExNjclMjE1bTIlMjExc2ZyJTIxMnNmciUyMiUyMHdpZHRoJTNEJTIyNjAwJTIyJTIwaGVpZ2h0JTNEJTIyNDUwJTIyJTIwc3R5bGUlM0QlMjJib3JkZXIlM0EwJTNCJTIyJTIwYWxsb3dmdWxsc2NyZWVuJTNEJTIyJTIyJTIwbG9hZGluZyUzRCUyMmxhenklMjIlM0UlM0MlMkZpZnJhbWUlM0U=\u00a0\u00bb][\/vc_column][\/vc_row]<\/p>\n","protected":false},"excerpt":{"rendered":"<p>[vc_row css_animation=\u00a0\u00bb\u00a0\u00bb row_type=\u00a0\u00bbrow\u00a0\u00bb use_row_as_full_screen_section=\u00a0\u00bbno\u00a0\u00bb type=\u00a0\u00bbfull_width\u00a0\u00bb angled_section=\u00a0\u00bbno\u00a0\u00bb text_align=\u00a0\u00bbleft\u00a0\u00bb background_image_as_pattern=\u00a0\u00bbwithout_pattern\u00a0\u00bb][vc_column width=\u00a0\u00bb1\/3&Prime; css=\u00a0\u00bb.vc_custom_1524470723903{background-color: #0097ce !important;}\u00a0\u00bb][vc_empty_space][vc_column_text] Al\u00e8s Myriapolis &nbsp; LE HUP 6 place des Martyrs de la R\u00e9sistance &#8211; 30100 Al\u00e8s T\u00e9l. 04 66&#8230;<\/p>\n","protected":false},"author":1,"featured_media":0,"parent":0,"menu_order":0,"comment_status":"closed","ping_status":"closed","template":"","meta":{"footnotes":"","_links_to":"","_links_to_target":""},"class_list":["post-549","page","type-page","status-publish","hentry"],"_links":{"self":[{"href":"https:\/\/www.alesmyriapolis.com\/index.php\/wp-json\/wp\/v2\/pages\/549","targetHints":{"allow":["GET"]}}],"collection":[{"href":"https:\/\/www.alesmyriapolis.com\/index.php\/wp-json\/wp\/v2\/pages"}],"about":[{"href":"https:\/\/www.alesmyriapolis.com\/index.php\/wp-json\/wp\/v2\/types\/page"}],"author":[{"embeddable":true,"href":"https:\/\/www.alesmyriapolis.com\/index.php\/wp-json\/wp\/v2\/users\/1"}],"replies":[{"embeddable":true,"href":"https:\/\/www.alesmyriapolis.com\/index.php\/wp-json\/wp\/v2\/comments?post=549"}],"version-history":[{"count":39,"href":"https:\/\/www.alesmyriapolis.com\/index.php\/wp-json\/wp\/v2\/pages\/549\/revisions"}],"predecessor-version":[{"id":3460,"href":"https:\/\/www.alesmyriapolis.com\/index.php\/wp-json\/wp\/v2\/pages\/549\/revisions\/3460"}],"wp:attachment":[{"href":"https:\/\/www.alesmyriapolis.com\/index.php\/wp-json\/wp\/v2\/media?parent=549"}],"curies":[{"name":"wp","href":"https:\/\/api.w.org\/{rel}","templated":true}]}}