{"id":560,"date":"2018-04-20T17:46:53","date_gmt":"2018-04-20T15:46:53","guid":{"rendered":"http:\/\/alesmyriapolis.com\/?page_id=560"},"modified":"2026-04-16T10:24:25","modified_gmt":"2026-04-16T08:24:25","slug":"lagence","status":"publish","type":"page","link":"https:\/\/www.alesmyriapolis.com\/index.php\/lagence\/","title":{"rendered":"L&rsquo;agence"},"content":{"rendered":"<p>[vc_row css_animation=\u00a0\u00bb\u00a0\u00bb row_type=\u00a0\u00bbrow\u00a0\u00bb use_row_as_full_screen_section=\u00a0\u00bbno\u00a0\u00bb type=\u00a0\u00bbfull_width\u00a0\u00bb angled_section=\u00a0\u00bbno\u00a0\u00bb text_align=\u00a0\u00bbleft\u00a0\u00bb background_image_as_pattern=\u00a0\u00bbwithout_pattern\u00a0\u00bb][vc_column width=\u00a0\u00bb1\/2&Prime;]<div class=\"qode-accordion-holder clearfix qode-accordion qode-initial \">\n\t<h5 class=\"clearfix qode-title-holder\">\n<span class=\"qode-tab-title\">\n\t    <span class=\"qode-tab-title-inner\">\n        Le guichet unique    <\/span>\n<\/span>\n<span class=\"qode-accordion-mark\">\n    <span class=\"qode-accordion-mark-icon\">\n        <span class=\"icon_plus\"><\/span>\n        <span class=\"icon_minus-06\"><\/span>\n    <\/span>\n<\/span>\n<\/h5>\n<div  class=\"qode-accordion-content \" >\n    <div class=\"qode-accordion-content-inner\">\n        [vc_column_text]<\/p>\n<div class=\"wpb_text_column wpb_content_element \">\n<div class=\"wpb_wrapper\">\n<p><strong>Le mod\u00e8le al\u00e9sien au service des entreprises<\/strong><\/p>\n<p>D\u00e8s 1967, sous l\u2019impulsion des charbonnages de France, les acteurs \u00e9conomiques se f\u00e9d\u00e8rent pour la reconversion du bassin au travers de l\u2019Association pour le D\u00e9veloppement Industriel du Bassin Al\u00e9sien (ADIRA). En 1999, elle deviendra Al\u00e8s Myriapolis, pour \u00e9largir les missions au d\u00e9veloppement de fili\u00e8res strat\u00e9giques de comp\u00e9tences.<\/p>\n<\/div>\n<\/div>\n<div class=\"vc_empty_space\"><\/div>\n<p>[\/vc_column_text]    <\/div>\n<\/div><h5 class=\"clearfix qode-title-holder\">\n<span class=\"qode-tab-title\">\n\t    <span class=\"qode-tab-title-inner\">\n        Le bureau    <\/span>\n<\/span>\n<span class=\"qode-accordion-mark\">\n    <span class=\"qode-accordion-mark-icon\">\n        <span class=\"icon_plus\"><\/span>\n        <span class=\"icon_minus-06\"><\/span>\n    <\/span>\n<\/span>\n<\/h5>\n<div  class=\"qode-accordion-content \" >\n    <div class=\"qode-accordion-content-inner\">\n        [vc_column_text]<\/p>\n<div class=\"wpb_column vc_column_container vc_col-sm-4\">\n<div class=\"vc_column-inner \">\n<div class=\"wpb_wrapper\">\n<div class=\"wpb_text_column wpb_content_element \">\n<div class=\"wpb_wrapper\">\n<h5>Pr\u00e9sident<\/h5>\n<p>Christophe Rivenq<\/p>\n<p>Pr\u00e9sident d\u2019Al\u00e8s Agglom\u00e9ration<\/p>\n<h5>Vice-Pr\u00e9sident<\/h5>\n<p>Max Roustan<\/p>\n<p>Vice-Pr\u00e9sident d\u2019Al\u00e8s Agglom\u00e9ration<\/p>\n<h5>Vice-Pr\u00e9sident<\/h5>\n<p>Jean-Pierre De Faria<\/p>\n<p>Vice-Pr\u00e9sident de C\u00e8ze C\u00e9vennes<\/p>\n<\/div>\n<\/div>\n<\/div>\n<\/div>\n<\/div>\n<div class=\"wpb_column vc_column_container vc_col-sm-4\">\n<div class=\"vc_column-inner \">\n<div class=\"wpb_wrapper\">\n<div class=\"wpb_text_column wpb_content_element \">\n<div class=\"wpb_wrapper\">\n<h5>Tr\u00e9sorier<\/h5>\n<p>Francis Cabanat<\/p>\n<p>Administrateur de Schneider Electric<\/p>\n<\/div>\n<\/div>\n<\/div>\n<\/div>\n<\/div>\n<div class=\"wpb_column vc_column_container vc_col-sm-4\">\n<div class=\"vc_column-inner \">\n<div class=\"wpb_wrapper\">\n<div class=\"vc_empty_space\">\n<h5>Tr\u00e9sorier Adjoint<\/h5>\n<p>Alexandre Coulet<\/p>\n<p>Repr\u00e9sentant S&rsquo;Group<\/p>\n<h5>Secr\u00e9taire<\/h5>\n<p>Assia Tria<\/p>\n<p>Directrice IMT Mines Al\u00e8s<\/p>\n<h5>Secr\u00e9taire Adjoint<\/h5>\n<p>Herbert Guedegbe<\/p>\n<p>Repr\u00e9sentant LFB<\/p>\n<\/div>\n<div class=\"wpb_text_column wpb_content_element \">\n<div class=\"wpb_wrapper\">\n<p>&nbsp;<\/p>\n<\/div>\n<\/div>\n<\/div>\n<\/div>\n<\/div>\n<p>[\/vc_column_text]    <\/div>\n<\/div><\/div>[\/vc_column][vc_column width=\u00a0\u00bb1\/2&Prime;][vc_single_image image=\u00a0\u00bb3227&Prime; img_size=\u00a0\u00bbfull\u00a0\u00bb add_caption=\u00a0\u00bbyes\u00a0\u00bb onclick=\u00a0\u00bblink_image\u00a0\u00bb qode_css_animation=\u00a0\u00bb\u00a0\u00bb][\/vc_column][\/vc_row][vc_row css_animation=\u00a0\u00bb\u00a0\u00bb row_type=\u00a0\u00bbrow\u00a0\u00bb use_row_as_full_screen_section=\u00a0\u00bbno\u00a0\u00bb type=\u00a0\u00bbfull_width\u00a0\u00bb angled_section=\u00a0\u00bbno\u00a0\u00bb text_align=\u00a0\u00bbleft\u00a0\u00bb background_image_as_pattern=\u00a0\u00bbwithout_pattern\u00a0\u00bb][vc_column][vc_empty_space][\/vc_column][\/vc_row][vc_row css_animation=\u00a0\u00bb\u00a0\u00bb row_type=\u00a0\u00bbrow\u00a0\u00bb use_row_as_full_screen_section=\u00a0\u00bbno\u00a0\u00bb type=\u00a0\u00bbfull_width\u00a0\u00bb angled_section=\u00a0\u00bbno\u00a0\u00bb text_align=\u00a0\u00bbleft\u00a0\u00bb background_image_as_pattern=\u00a0\u00bbwithout_pattern\u00a0\u00bb][vc_column width=\u00a0\u00bb1\/4&Prime;]<div class=\"q_counter_holder  left boxed_counter\" style=\"\" data-digit=\"1300\"><span class=\"counter  zero\" style=\"\">1300<\/span><span class=\"separator small\" style=\"\"><\/span><p class=\"counter_text\" style=\"\">projets accompagn\u00e9s<\/p><\/div>[\/vc_column][vc_column width=\u00a0\u00bb1\/4&Prime;]<div class=\"q_counter_holder  left boxed_counter\" style=\"\" data-digit=\"10\"><span class=\"counter  zero\" style=\"\">10<\/span><span class=\"separator small\" style=\"\"><\/span><p class=\"counter_text\" style=\"\">collaborateurs<\/p><\/div>[\/vc_column][vc_column width=\u00a0\u00bb1\/4&Prime;]<div class=\"q_counter_holder  left boxed_counter\" style=\"\" data-digit=\"50\"><span class=\"counter  zero\" style=\"\">50<\/span><span class=\"separator small\" style=\"\"><\/span><p class=\"counter_text\" style=\"\">ann\u00e9es d'exp\u00e9rience<\/p><\/div>[\/vc_column][vc_column width=\u00a0\u00bb1\/4&Prime;]<div class=\"q_counter_holder  left boxed_counter\" style=\"\" data-digit=\"6\"><span class=\"counter  zero\" style=\"\">6<\/span><span class=\"separator small\" style=\"\"><\/span><p class=\"counter_text\" style=\"\">fili\u00e8res<\/p><\/div>[\/vc_column][\/vc_row][vc_row css_animation=\u00a0\u00bb\u00a0\u00bb row_type=\u00a0\u00bbrow\u00a0\u00bb use_row_as_full_screen_section=\u00a0\u00bbno\u00a0\u00bb type=\u00a0\u00bbfull_width\u00a0\u00bb angled_section=\u00a0\u00bbno\u00a0\u00bb text_align=\u00a0\u00bbleft\u00a0\u00bb background_image_as_pattern=\u00a0\u00bbwithout_pattern\u00a0\u00bb][vc_column][vc_empty_space][\/vc_column][\/vc_row][vc_row css_animation=\u00a0\u00bb\u00a0\u00bb row_type=\u00a0\u00bbrow\u00a0\u00bb use_row_as_full_screen_section=\u00a0\u00bbno\u00a0\u00bb type=\u00a0\u00bbfull_width\u00a0\u00bb angled_section=\u00a0\u00bbno\u00a0\u00bb text_align=\u00a0\u00bbleft\u00a0\u00bb background_image_as_pattern=\u00a0\u00bbwithout_pattern\u00a0\u00bb][vc_column][vc_column_text]<\/p>\n<h4>Nos missions<\/h4>\n<h5>Des missions et des comp\u00e9tences compl\u00e9mentaires au service des entreprises et du d\u00e9veloppement \u00e9conomique territorial<\/h5>\n<p>[\/vc_column_text][vc_empty_space][\/vc_column][\/vc_row][vc_row css_animation=\u00a0\u00bb\u00a0\u00bb row_type=\u00a0\u00bbrow\u00a0\u00bb use_row_as_full_screen_section=\u00a0\u00bbno\u00a0\u00bb type=\u00a0\u00bbfull_width\u00a0\u00bb angled_section=\u00a0\u00bbno\u00a0\u00bb text_align=\u00a0\u00bbleft\u00a0\u00bb background_image_as_pattern=\u00a0\u00bbwithout_pattern\u00a0\u00bb][vc_column][qode_circles columns=\u00a0\u00bbfive_columns\u00a0\u00bb circle_line=\u00a0\u00bbwith_line\u00a0\u00bb][qode_circle type=\u00a0\u00bbtext_type\u00a0\u00bb text_in_circle_tag=\u00a0\u00bbh5&Prime; text_in_circle=\u00a0\u00bbAnimation fili\u00e8res\u00a0\u00bb text=\u00a0\u00bbAgriculture &#8211; Agroalimentaire, Sports M\u00e9caniques &#8211; Mobilit\u00e9 Durable &#8211; V\u00e9hicules Historiques, Industrie et Eco-activit\u00e9s, Tourisme\u00a0\u00bb][qode_circle type=\u00a0\u00bbtext_type\u00a0\u00bb text_in_circle_tag=\u00a0\u00bbh5&Prime; text_in_circle=\u00a0\u00bbCr\u00e9ation Innovation\u00a0\u00bb text=\u00a0\u00bbActions d\u2019animation, R\u00e9unions th\u00e9matiques<br \/>\nFonds d\u2019amor\u00e7age, Accompagnement \u00e0 la cr\u00e9ation d\u2019entreprises innovantes\u00a0\u00bb][qode_circle type=\u00a0\u00bbtext_type\u00a0\u00bb text_in_circle_tag=\u00a0\u00bbh5&Prime; text_in_circle_font_weight=\u00a0\u00bb500&Prime; text_in_circle=\u00a0\u00bbPour les entreprises\u00a0\u00bb background_color=\u00a0\u00bb#81d742&Prime;][qode_circle type=\u00a0\u00bbtext_type\u00a0\u00bb text_in_circle_tag=\u00a0\u00bbh5&Prime; text_in_circle=\u00a0\u00bbObservatoire \u00e9conomique\u00a0\u00bb text=\u00a0\u00bbObservatoire socio-\u00e9conomique, \u00e9tudes \u00e9conomiques, SIG\u00a0\u00bb][qode_circle type=\u00a0\u00bbtext_type\u00a0\u00bb text_in_circle_tag=\u00a0\u00bbh5&Prime; text_in_circle=\u00a0\u00bbAttractivit\u00e9\u00a0\u00bb text=\u00a0\u00bbImplantation d\u2019entreprises,<br \/>\nMarketing territorial, attractivit\u00e9 commerciale<br \/>\nCommunication et r\u00e9seaux sociaux\u00a0\u00bb][\/qode_circles][vc_empty_space][\/vc_column][\/vc_row][vc_row css_animation=\u00a0\u00bb\u00a0\u00bb row_type=\u00a0\u00bbrow\u00a0\u00bb use_row_as_full_screen_section=\u00a0\u00bbno\u00a0\u00bb type=\u00a0\u00bbfull_width\u00a0\u00bb angled_section=\u00a0\u00bbno\u00a0\u00bb text_align=\u00a0\u00bbleft\u00a0\u00bb background_image_as_pattern=\u00a0\u00bbwithout_pattern\u00a0\u00bb][vc_column][vc_column_text]<\/p>\n<h4>L&rsquo;\u00e9quipe<\/h4>\n<h5><\/h5>\n<p>[\/vc_column_text][vc_empty_space][\/vc_column][\/vc_row][vc_row css_animation=\u00a0\u00bb\u00a0\u00bb row_type=\u00a0\u00bbrow\u00a0\u00bb use_row_as_full_screen_section=\u00a0\u00bbno\u00a0\u00bb type=\u00a0\u00bbfull_width\u00a0\u00bb angled_section=\u00a0\u00bbno\u00a0\u00bb text_align=\u00a0\u00bbleft\u00a0\u00bb background_image_as_pattern=\u00a0\u00bbwithout_pattern\u00a0\u00bb][vc_column width=\u00a0\u00bb1\/4&Prime;]<div class='q_team info_description_below_image'><div class='q_team_inner'><div class='q_team_image'><div class='q_team_image_holder'><img itemprop='image' src='https:\/\/www.alesmyriapolis.com\/wp-content\/uploads\/2018\/04\/Annick-Le-Lan.jpg' alt='Annick Le Lan' \/><\/div><div class='q_team_text' ><div class='q_team_text_inner'><div class='q_team_title_holder'><h5 class='q_team_name' style = ''>Annick Le Lan<\/h5><\/div><div class='separator small center' style = ''><\/div><div class='q_team_description_below_image_wrapper'><div class='q_team_description'><div class='q_team_description_inner'><p>Directrice<\/p><\/div><\/div><\/div><\/div><\/div><div class='q_team_social_holder'><span class='q_social_icon_holder normal_social' ><a itemprop='url' href='http:\/\/alesmyriapolis.com\/index.php\/contact-3\/' target=''><i class=\"qode_icon_font_awesome fa fa-envelope fa-2x simple_social\" style=\"\" ><\/i><\/a><\/span><span class='q_social_icon_holder normal_social' ><a itemprop='url' href='https:\/\/www.linkedin.com\/in\/annick-le-lan-0b583b80\/' target=''><i class=\"qode_icon_font_awesome fa fa-linkedin fa-2x simple_social\" style=\"\" ><\/i><\/a><\/span><\/div><\/div><\/div><\/div>[\/vc_column][vc_column width=\u00a0\u00bb1\/4&Prime;]<div class='q_team info_description_below_image'><div class='q_team_inner'><div class='q_team_image'><div class='q_team_image_holder'><img itemprop='image' src='https:\/\/www.alesmyriapolis.com\/wp-content\/uploads\/2018\/04\/sandrine-tiraby.jpg' alt='sandrine tiraby' \/><\/div><div class='q_team_text' ><div class='q_team_text_inner'><div class='q_team_title_holder'><h5 class='q_team_name' style = ''>Sandrine Tiraby<\/h5><\/div><div class='separator small center' style = ''><\/div><div class='q_team_description_below_image_wrapper'><div class='q_team_description'><div class='q_team_description_inner'><p>Assistante de Direction<\/p><\/div><\/div><\/div><\/div><\/div><div class='q_team_social_holder'><span class='q_social_icon_holder normal_social' ><a itemprop='url' href='http:\/\/alesmyriapolis.com\/index.php\/contact-3\/' target=''><i class=\"qode_icon_font_awesome fa fa-envelope fa-2x simple_social\" style=\"\" ><\/i><\/a><\/span><\/div><\/div><\/div><\/div>[\/vc_column][vc_column width=\u00a0\u00bb1\/4&Prime;]<div class='q_team info_description_below_image'><div class='q_team_inner'><div class='q_team_image'><div class='q_team_image_holder'><img itemprop='image' src='https:\/\/www.alesmyriapolis.com\/wp-content\/uploads\/2018\/04\/philippe-aparicio.jpg' alt='philippe aparicio' \/><\/div><div class='q_team_text' ><div class='q_team_text_inner'><div class='q_team_title_holder'><h5 class='q_team_name' style = ''>Philippe Aparicio<\/h5><\/div><div class='separator small center' style = ''><\/div><div class='q_team_description_below_image_wrapper'><div class='q_team_description'><div class='q_team_description_inner'><p>Implantation - Reprise<\/p><\/div><\/div><\/div><\/div><\/div><div class='q_team_social_holder'><span class='q_social_icon_holder normal_social' ><a itemprop='url' href='http:\/\/alesmyriapolis.com\/index.php\/contact-3\/' target=''><i class=\"qode_icon_font_awesome fa fa-envelope fa-2x simple_social\" style=\"\" ><\/i><\/a><\/span><span class='q_social_icon_holder normal_social' ><a itemprop='url' href='https:\/\/www.linkedin.com\/in\/philippeaparicio\/' target=''><i class=\"qode_icon_font_awesome fa fa-linkedin fa-2x simple_social\" style=\"\" ><\/i><\/a><\/span><\/div><\/div><\/div><\/div>[\/vc_column][vc_column width=\u00a0\u00bb1\/4&Prime;]<div class='q_team info_description_below_image'><div class='q_team_inner'><div class='q_team_image'><div class='q_team_image_holder'><img itemprop='image' src='https:\/\/www.alesmyriapolis.com\/wp-content\/uploads\/2018\/04\/romain-biau.jpg' alt='romain biau' \/><\/div><div class='q_team_text' ><div class='q_team_text_inner'><div class='q_team_title_holder'><h5 class='q_team_name' style = ''>Romain Biau<\/h5><\/div><div class='separator small center' style = ''><\/div><div class='q_team_description_below_image_wrapper'><div class='q_team_description'><div class='q_team_description_inner'><p>Fili\u00e8res Agroalimentaire\/Agricole\/Bois<\/p><\/div><\/div><\/div><\/div><\/div><div class='q_team_social_holder'><span class='q_social_icon_holder normal_social' ><a itemprop='url' href='http:\/\/alesmyriapolis.com\/index.php\/contact-3\/' target=''><i class=\"qode_icon_font_awesome fa fa-envelope fa-2x simple_social\" style=\"\" ><\/i><\/a><\/span><span class='q_social_icon_holder normal_social' ><a itemprop='url' href='https:\/\/www.linkedin.com\/in\/romain-biau-857969124\/' target=''><i class=\"qode_icon_font_awesome fa fa-linkedin fa-2x simple_social\" style=\"\" ><\/i><\/a><\/span><\/div><\/div><\/div><\/div>[\/vc_column][\/vc_row][vc_row css_animation=\u00a0\u00bb\u00a0\u00bb row_type=\u00a0\u00bbrow\u00a0\u00bb use_row_as_full_screen_section=\u00a0\u00bbno\u00a0\u00bb type=\u00a0\u00bbfull_width\u00a0\u00bb angled_section=\u00a0\u00bbno\u00a0\u00bb text_align=\u00a0\u00bbleft\u00a0\u00bb background_image_as_pattern=\u00a0\u00bbwithout_pattern\u00a0\u00bb][vc_column][vc_empty_space][\/vc_column][\/vc_row][vc_row css_animation=\u00a0\u00bb\u00a0\u00bb row_type=\u00a0\u00bbrow\u00a0\u00bb use_row_as_full_screen_section=\u00a0\u00bbno\u00a0\u00bb type=\u00a0\u00bbfull_width\u00a0\u00bb angled_section=\u00a0\u00bbno\u00a0\u00bb text_align=\u00a0\u00bbleft\u00a0\u00bb background_image_as_pattern=\u00a0\u00bbwithout_pattern\u00a0\u00bb][vc_column width=\u00a0\u00bb1\/4&Prime;]<div class='q_team info_description_below_image'><div class='q_team_inner'><div class='q_team_image'><div class='q_team_image_holder'><img itemprop='image' src='https:\/\/www.alesmyriapolis.com\/wp-content\/uploads\/2018\/07\/Marc-Brachet-3.jpg' alt='Marc Brachet 3' \/><\/div><div class='q_team_text' ><div class='q_team_text_inner'><div class='q_team_title_holder'><h5 class='q_team_name' style = ''>Marc Brachet<\/h5><\/div><div class='separator small center' style = ''><\/div><div class='q_team_description_below_image_wrapper'><div class='q_team_description'><div class='q_team_description_inner'><p>Industrie - Innovation<\/p><\/div><\/div><\/div><\/div><\/div><div class='q_team_social_holder'><span class='q_social_icon_holder normal_social' ><a itemprop='url' href='http:\/\/alesmyriapolis.com\/index.php\/contact-3\/' target=''><i class=\"qode_icon_font_awesome fa fa-envelope fa-2x simple_social\" style=\"\" ><\/i><\/a><\/span><span class='q_social_icon_holder normal_social' ><a itemprop='url' href='https:\/\/www.linkedin.com\/in\/marc-brachet-3a9ba0\/' target=''><i class=\"qode_icon_font_awesome fa fa-linkedin fa-2x simple_social\" style=\"\" ><\/i><\/a><\/span><\/div><\/div><\/div><\/div>[\/vc_column][vc_column width=\u00a0\u00bb1\/4&Prime;]<div class='q_team info_description_below_image'><div class='q_team_inner'><div class='q_team_image'><div class='q_team_image_holder'><img itemprop='image' src='https:\/\/www.alesmyriapolis.com\/wp-content\/uploads\/2018\/04\/samar-sayeb.jpg' alt='samar sayeb' \/><\/div><div class='q_team_text' ><div class='q_team_text_inner'><div class='q_team_title_holder'><h5 class='q_team_name' style = ''>Samar Sayeb<\/h5><\/div><div class='separator small center' style = ''><\/div><div class='q_team_description_below_image_wrapper'><div class='q_team_description'><div class='q_team_description_inner'><p>Observatoire \u00e9conomique<\/p><\/div><\/div><\/div><\/div><\/div><div class='q_team_social_holder'><span class='q_social_icon_holder normal_social' ><a itemprop='url' href='http:\/\/alesmyriapolis.com\/index.php\/contact-3\/' target=''><i class=\"qode_icon_font_awesome fa fa-envelope fa-2x simple_social\" style=\"\" ><\/i><\/a><\/span><span class='q_social_icon_holder normal_social' ><a itemprop='url' href='https:\/\/www.linkedin.com\/in\/samar-sayeb-4b4b5b49\/' target=''><i class=\"qode_icon_font_awesome fa fa-linkedin fa-2x simple_social\" style=\"\" ><\/i><\/a><\/span><\/div><\/div><\/div><\/div>[\/vc_column][vc_column width=\u00a0\u00bb1\/4&Prime;]<div class='q_team info_description_below_image'><div class='q_team_inner'><div class='q_team_image'><div class='q_team_image_holder'><img itemprop='image' src='https:\/\/www.alesmyriapolis.com\/wp-content\/uploads\/2021\/10\/Portrait-Lucie-armandou.png' alt='Portrait-Lucie-armandou' \/><\/div><div class='q_team_text' ><div class='q_team_text_inner'><div class='q_team_title_holder'><h5 class='q_team_name' style = ''>Lucie Thomas-Armandou<\/h5><\/div><div class='separator small center' style = ''><\/div><div class='q_team_description_below_image_wrapper'><div class='q_team_description'><div class='q_team_description_inner'><p>Animation \u00e9conomique territoriale<\/p><\/div><\/div><\/div><\/div><\/div><div class='q_team_social_holder'><span class='q_social_icon_holder normal_social' ><a itemprop='url' href='http:\/\/alesmyriapolis.com\/index.php\/contact-3\/' target=''><i class=\"qode_icon_font_awesome fa fa-envelope fa-2x simple_social\" style=\"\" ><\/i><\/a><\/span><span class='q_social_icon_holder normal_social' ><a itemprop='url' href='https:\/\/www.linkedin.com\/in\/lucie-thomas-armandou-507291b3\/' target=''><i class=\"qode_icon_font_awesome fa fa-linkedin fa-2x simple_social\" style=\"\" ><\/i><\/a><\/span><\/div><\/div><\/div><\/div>[\/vc_column][vc_column width=\u00a0\u00bb1\/4&Prime;]<div class='q_team info_description_below_image'><div class='q_team_inner'><div class='q_team_image'><div class='q_team_image_holder'><img itemprop='image' src='https:\/\/www.alesmyriapolis.com\/wp-content\/uploads\/2023\/12\/Doline-5.jpg' alt='Doline 5' \/><\/div><div class='q_team_text' ><div class='q_team_text_inner'><div class='q_team_title_holder'><h5 class='q_team_name' style = ''>Doline Nadobny<\/h5><\/div><div class='separator small center' style = ''><\/div><div class='q_team_description_below_image_wrapper'><div class='q_team_description'><div class='q_team_description_inner'><p>Formation - Num\u00e9rique<\/p><\/div><\/div><\/div><\/div><\/div><div class='q_team_social_holder'><span class='q_social_icon_holder normal_social' ><a itemprop='url' href='http:\/\/alesmyriapolis.com\/index.php\/contact-3\/' target=''><i class=\"qode_icon_font_awesome fa fa-envelope fa-2x simple_social\" style=\"\" ><\/i><\/a><\/span><span class='q_social_icon_holder normal_social' ><a itemprop='url' href='https:\/\/www.linkedin.com\/in\/doline-nadobny\/' target=''><i class=\"qode_icon_font_awesome fa fa-linkedin fa-2x simple_social\" style=\"\" ><\/i><\/a><\/span><\/div><\/div><\/div><\/div>[\/vc_column][\/vc_row][vc_row css_animation=\u00a0\u00bb\u00a0\u00bb row_type=\u00a0\u00bbrow\u00a0\u00bb use_row_as_full_screen_section=\u00a0\u00bbno\u00a0\u00bb type=\u00a0\u00bbfull_width\u00a0\u00bb angled_section=\u00a0\u00bbno\u00a0\u00bb text_align=\u00a0\u00bbleft\u00a0\u00bb background_image_as_pattern=\u00a0\u00bbwithout_pattern\u00a0\u00bb][vc_column][vc_empty_space][\/vc_column][\/vc_row][vc_row css_animation=\u00a0\u00bb\u00a0\u00bb row_type=\u00a0\u00bbrow\u00a0\u00bb use_row_as_full_screen_section=\u00a0\u00bbno\u00a0\u00bb type=\u00a0\u00bbfull_width\u00a0\u00bb angled_section=\u00a0\u00bbno\u00a0\u00bb text_align=\u00a0\u00bbleft\u00a0\u00bb background_image_as_pattern=\u00a0\u00bbwithout_pattern\u00a0\u00bb][vc_column width=\u00a0\u00bb1\/4&Prime;]<div class='q_team info_description_below_image'><div class='q_team_inner'><div class='q_team_image'><div class='q_team_image_holder'><img itemprop='image' src='https:\/\/www.alesmyriapolis.com\/wp-content\/uploads\/2026\/04\/MRT01594-1-scaled.jpg' alt='MRT01594&prime;' \/><\/div><div class='q_team_text' ><div class='q_team_text_inner'><div class='q_team_title_holder'><h5 class='q_team_name' style = ''>William Delaby<\/h5><\/div><div class='separator small center' style = ''><\/div><div class='q_team_description_below_image_wrapper'><div class='q_team_description'><div class='q_team_description_inner'><p>Transition \u00e9cologique<\/p><\/div><\/div><\/div><\/div><\/div><div class='q_team_social_holder'><span class='q_social_icon_holder normal_social' ><a itemprop='url' href='http:\/\/alesmyriapolis.com\/index.php\/contact-3\/' target=''><i class=\"qode_icon_font_awesome fa fa-envelope fa-2x simple_social\" style=\"\" ><\/i><\/a><\/span><span class='q_social_icon_holder normal_social' ><a itemprop='url' href='https:\/\/www.linkedin.com\/in\/william-delaby\/' target=''><i class=\"qode_icon_font_awesome fa fa-linkedin fa-2x simple_social\" style=\"\" ><\/i><\/a><\/span><\/div><\/div><\/div><\/div>[\/vc_column][\/vc_row][vc_row css_animation=\u00a0\u00bb\u00a0\u00bb row_type=\u00a0\u00bbrow\u00a0\u00bb use_row_as_full_screen_section=\u00a0\u00bbno\u00a0\u00bb type=\u00a0\u00bbfull_width\u00a0\u00bb angled_section=\u00a0\u00bbno\u00a0\u00bb text_align=\u00a0\u00bbleft\u00a0\u00bb background_image_as_pattern=\u00a0\u00bbwithout_pattern\u00a0\u00bb][vc_column][vc_empty_space][\/vc_column][\/vc_row]<\/p>\n","protected":false},"excerpt":{"rendered":"<p>[vc_row css_animation=\u00a0\u00bb\u00a0\u00bb row_type=\u00a0\u00bbrow\u00a0\u00bb use_row_as_full_screen_section=\u00a0\u00bbno\u00a0\u00bb type=\u00a0\u00bbfull_width\u00a0\u00bb angled_section=\u00a0\u00bbno\u00a0\u00bb text_align=\u00a0\u00bbleft\u00a0\u00bb background_image_as_pattern=\u00a0\u00bbwithout_pattern\u00a0\u00bb][vc_column width=\u00a0\u00bb1\/2&Prime;][\/vc_column][vc_column width=\u00a0\u00bb1\/2&Prime;][vc_single_image image=\u00a0\u00bb3227&Prime; img_size=\u00a0\u00bbfull\u00a0\u00bb add_caption=\u00a0\u00bbyes\u00a0\u00bb onclick=\u00a0\u00bblink_image\u00a0\u00bb qode_css_animation=\u00a0\u00bb\u00a0\u00bb][\/vc_column][\/vc_row][vc_row css_animation=\u00a0\u00bb\u00a0\u00bb row_type=\u00a0\u00bbrow\u00a0\u00bb use_row_as_full_screen_section=\u00a0\u00bbno\u00a0\u00bb type=\u00a0\u00bbfull_width\u00a0\u00bb angled_section=\u00a0\u00bbno\u00a0\u00bb text_align=\u00a0\u00bbleft\u00a0\u00bb background_image_as_pattern=\u00a0\u00bbwithout_pattern\u00a0\u00bb][vc_column][vc_empty_space][\/vc_column][\/vc_row][vc_row css_animation=\u00a0\u00bb\u00a0\u00bb row_type=\u00a0\u00bbrow\u00a0\u00bb use_row_as_full_screen_section=\u00a0\u00bbno\u00a0\u00bb type=\u00a0\u00bbfull_width\u00a0\u00bb angled_section=\u00a0\u00bbno\u00a0\u00bb text_align=\u00a0\u00bbleft\u00a0\u00bb background_image_as_pattern=\u00a0\u00bbwithout_pattern\u00a0\u00bb][vc_column width=\u00a0\u00bb1\/4&Prime;][\/vc_column][vc_column&#8230;<\/p>\n","protected":false},"author":1,"featured_media":0,"parent":0,"menu_order":0,"comment_status":"closed","ping_status":"closed","template":"","meta":{"footnotes":"","_links_to":"","_links_to_target":""},"class_list":["post-560","page","type-page","status-publish","hentry"],"_links":{"self":[{"href":"https:\/\/www.alesmyriapolis.com\/index.php\/wp-json\/wp\/v2\/pages\/560","targetHints":{"allow":["GET"]}}],"collection":[{"href":"https:\/\/www.alesmyriapolis.com\/index.php\/wp-json\/wp\/v2\/pages"}],"about":[{"href":"https:\/\/www.alesmyriapolis.com\/index.php\/wp-json\/wp\/v2\/types\/page"}],"author":[{"embeddable":true,"href":"https:\/\/www.alesmyriapolis.com\/index.php\/wp-json\/wp\/v2\/users\/1"}],"replies":[{"embeddable":true,"href":"https:\/\/www.alesmyriapolis.com\/index.php\/wp-json\/wp\/v2\/comments?post=560"}],"version-history":[{"count":50,"href":"https:\/\/www.alesmyriapolis.com\/index.php\/wp-json\/wp\/v2\/pages\/560\/revisions"}],"predecessor-version":[{"id":3458,"href":"https:\/\/www.alesmyriapolis.com\/index.php\/wp-json\/wp\/v2\/pages\/560\/revisions\/3458"}],"wp:attachment":[{"href":"https:\/\/www.alesmyriapolis.com\/index.php\/wp-json\/wp\/v2\/media?parent=560"}],"curies":[{"name":"wp","href":"https:\/\/api.w.org\/{rel}","templated":true}]}}