{"id":587,"date":"2018-04-23T11:52:07","date_gmt":"2018-04-23T09:52:07","guid":{"rendered":"http:\/\/alesmyriapolis.com\/?page_id=587"},"modified":"2023-03-20T15:12:28","modified_gmt":"2023-03-20T14:12:28","slug":"loffre-de-services","status":"publish","type":"page","link":"https:\/\/www.alesmyriapolis.com\/index.php\/loffre-de-services\/","title":{"rendered":"L&rsquo;offre de services"},"content":{"rendered":"<p>[vc_row css_animation=\u00a0\u00bb\u00a0\u00bb row_type=\u00a0\u00bbrow\u00a0\u00bb use_row_as_full_screen_section=\u00a0\u00bbno\u00a0\u00bb type=\u00a0\u00bbfull_width\u00a0\u00bb angled_section=\u00a0\u00bbno\u00a0\u00bb text_align=\u00a0\u00bbleft\u00a0\u00bb background_image_as_pattern=\u00a0\u00bbwithout_pattern\u00a0\u00bb][vc_column width=\u00a0\u00bb2\/3&Prime;]<div class=\"qode-accordion-holder clearfix qode-accordion qode-initial \">\n\t<h4 class=\"clearfix qode-title-holder\">\n<span class=\"qode-tab-title\">\n\t    <span class=\"qode-tab-title-inner\">\n        CR\u00c9ATION - INNOVATION    <\/span>\n<\/span>\n<span class=\"qode-accordion-mark\">\n    <span class=\"qode-accordion-mark-icon\">\n        <span class=\"icon_plus\"><\/span>\n        <span class=\"icon_minus-06\"><\/span>\n    <\/span>\n<\/span>\n<\/h4>\n<div  class=\"qode-accordion-content \" >\n    <div class=\"qode-accordion-content-inner\">\n        [vc_column_text]<strong>Accompagnement \u00e0 la cr\u00e9ation d&rsquo;entreprise<\/strong><\/p>\n<ul>\n<li>Analyse des projets et des besoins<\/li>\n<li>Etude de march\u00e9 et business plan<\/li>\n<li>Recherche de financement<\/li>\n<li>Montage des dossiers<\/li>\n<li>Mise en r\u00e9seau et mise en march\u00e9<\/li>\n<\/ul>\n<p>[\/vc_column_text]    <\/div>\n<\/div><h4 class=\"clearfix qode-title-holder\">\n<span class=\"qode-tab-title\">\n\t    <span class=\"qode-tab-title-inner\">\n        BO\u00ceTE A OUTILS    <\/span>\n<\/span>\n<span class=\"qode-accordion-mark\">\n    <span class=\"qode-accordion-mark-icon\">\n        <span class=\"icon_plus\"><\/span>\n        <span class=\"icon_minus-06\"><\/span>\n    <\/span>\n<\/span>\n<\/h4>\n<div  class=\"qode-accordion-content \" >\n    <div class=\"qode-accordion-content-inner\">\n        [vc_column_text]<\/p>\n<ul>\n<li>Organisation d\u2019\u00e9v\u00e9nements d\u00e9di\u00e9s \u00e0 la cr\u00e9ation d&rsquo;entreprise : \u00a0Paroles d\u2019experts, Animations Afterwork<\/li>\n<li>Organisation de formations courtes pour les porteurs de projet<\/li>\n<li>R\u00e9seaux d&rsquo;experts au service des projets<\/li>\n<li>Fonds d\u2019amor\u00e7age d\u2019Al\u00e8s Myriapolis<\/li>\n<li>Organisation et animation du Concours Al\u00e8s Audace : \u00e9mergence des projets et soutien aux dynamiques entrepreneuriales, dotation financi\u00e8re, accompagnement et parrainage<\/li>\n<li>Observatoire \u00e9conomique Al\u00e8s C\u00e9vennes (production d&rsquo;\u00e9tudes&#8230;)<\/li>\n<\/ul>\n<p>[\/vc_column_text]    <\/div>\n<\/div><\/div>[vc_empty_space][\/vc_column][vc_column width=\u00a0\u00bb1\/3&Prime;]<div class=\"qode-info-card-with-icon\">\n    <div class=\"qode-icwi-image-icon-holder qode-start-icon-hover\">\n\t\t\t\t\t\t<div class=\"qode-icwi-icon-holder\">\n\t\t\t<span class=\"qode-icon-holder qode-icon-circle qode-icon-tiny\"   >\n\t\t\t\t<span aria-hidden=\"true\" class=\"qode_icon_font_elegant  qode-icon-element\" style=\"\" ><\/span>\t\t\t<\/span>\n\t\t<\/div>\n\t\t\t<\/div>\n\t<div class=\"qode-icwi-text-holder\">\n\t\t\t\t\t<h5 class=\"qode-icwi-title\">\n\t\t\t\tPARTENAIRES\t\t\t<\/h5>\n\t\t\t\t\t\t\t<p class=\"qode-icwi-text\">\n\t\t\t\tAD&#039;OCC, R\u00e9gion Occitanie, IMT Mines Al\u00e8s, BPI France, CREALIA, CCI Gard, CMA Gard, Chambre d&#039;Agriculture du Gard, Mines de Talent, P\u00e9pini\u00e8re d&#039;initiatives Leo Lagrange, BGE Gard Loz\u00e8re, SAEM Al\u00e8s...\t\t\t<\/p>\n\t\t\t<\/div>\n<\/div>[vc_empty_space][vc_row_inner row_type=\u00a0\u00bbrow\u00a0\u00bb type=\u00a0\u00bbfull_width\u00a0\u00bb text_align=\u00a0\u00bbleft\u00a0\u00bb css_animation=\u00a0\u00bb\u00a0\u00bb][vc_column_inner css=\u00a0\u00bb.vc_custom_1616498415888{margin-top: 10px !important;margin-right: -20px !important;margin-bottom: 10px !important;margin-left: 15px !important;background-color: #ffffff !important;}\u00a0\u00bb][vc_column_text]<\/p>\n<h5 style=\"text-align: center;\">MEMBRE DU R\u00c9SO IP+<\/h5>\n<p>[\/vc_column_text][vc_empty_space height=\u00a0\u00bb30px\u00a0\u00bb][vc_single_image image=\u00a0\u00bb2387&Prime; img_size=\u00a0\u00bbmedium\u00a0\u00bb alignment=\u00a0\u00bbcenter\u00a0\u00bb onclick=\u00a0\u00bbcustom_link\u00a0\u00bb img_link_target=\u00a0\u00bb_blank\u00a0\u00bb qode_css_animation=\u00a0\u00bb\u00a0\u00bb link=\u00a0\u00bbhttps:\/\/www.agence-adocc.com\/adocc\/les-reso-by-adocc\/\u00a0\u00bb][vc_empty_space height=\u00a0\u00bb30px\u00a0\u00bb][vc_single_image image=\u00a0\u00bb2885&Prime; img_size=\u00a0\u00bbmedium\u00a0\u00bb alignment=\u00a0\u00bbcenter\u00a0\u00bb onclick=\u00a0\u00bbcustom_link\u00a0\u00bb img_link_target=\u00a0\u00bb_blank\u00a0\u00bb qode_css_animation=\u00a0\u00bb\u00a0\u00bb link=\u00a0\u00bbhttps:\/\/www.crealia.org\/\u00a0\u00bb][vc_empty_space height=\u00a0\u00bb20px\u00a0\u00bb][\/vc_column_inner][\/vc_row_inner][vc_row_inner row_type=\u00a0\u00bbrow\u00a0\u00bb type=\u00a0\u00bbfull_width\u00a0\u00bb text_align=\u00a0\u00bbleft\u00a0\u00bb css_animation=\u00a0\u00bb\u00a0\u00bb][vc_column_inner][vc_empty_space][\/vc_column_inner][\/vc_row_inner][\/vc_column][\/vc_row][vc_row css_animation=\u00a0\u00bb\u00a0\u00bb row_type=\u00a0\u00bbrow\u00a0\u00bb use_row_as_full_screen_section=\u00a0\u00bbno\u00a0\u00bb type=\u00a0\u00bbfull_width\u00a0\u00bb angled_section=\u00a0\u00bbno\u00a0\u00bb text_align=\u00a0\u00bbleft\u00a0\u00bb background_image_as_pattern=\u00a0\u00bbwithout_pattern\u00a0\u00bb][vc_column][vc_zigzag][\/vc_column][\/vc_row][vc_row css_animation=\u00a0\u00bb\u00a0\u00bb row_type=\u00a0\u00bbrow\u00a0\u00bb use_row_as_full_screen_section=\u00a0\u00bbno\u00a0\u00bb type=\u00a0\u00bbfull_width\u00a0\u00bb angled_section=\u00a0\u00bbno\u00a0\u00bb text_align=\u00a0\u00bbleft\u00a0\u00bb background_image_as_pattern=\u00a0\u00bbwithout_pattern\u00a0\u00bb][vc_column width=\u00a0\u00bb2\/3&Prime;][vc_empty_space][vc_empty_space]<div class=\"qode-accordion-holder clearfix qode-accordion qode-initial \">\n\t<h4 class=\"clearfix qode-title-holder\">\n<span class=\"qode-tab-title\">\n\t    <span class=\"qode-tab-title-inner\">\n        D\u00c9VELOPPEMENT D&#039;ENTREPRISE    <\/span>\n<\/span>\n<span class=\"qode-accordion-mark\">\n    <span class=\"qode-accordion-mark-icon\">\n        <span class=\"icon_plus\"><\/span>\n        <span class=\"icon_minus-06\"><\/span>\n    <\/span>\n<\/span>\n<\/h4>\n<div  class=\"qode-accordion-content \" >\n    <div class=\"qode-accordion-content-inner\">\n        [vc_column_text]Accompagnement global d&rsquo;entreprises dans le cadre de leur d\u00e9veloppement :<\/p>\n<ul>\n<li>Recherche de partenaires industriels, investisseurs ou R&amp;D<\/li>\n<li>Structuration de la strat\u00e9gie d\u2019entreprise<\/li>\n<li>Recherche de financement li\u00e9 au d\u00e9veloppement (industriel, commercial, export, immobilier)&#8230;<\/li>\n<\/ul>\n<p>[\/vc_column_text]    <\/div>\n<\/div><h4 class=\"clearfix qode-title-holder\">\n<span class=\"qode-tab-title\">\n\t    <span class=\"qode-tab-title-inner\">\n        FILI\u00c8RES STRUCTURANTES    <\/span>\n<\/span>\n<span class=\"qode-accordion-mark\">\n    <span class=\"qode-accordion-mark-icon\">\n        <span class=\"icon_plus\"><\/span>\n        <span class=\"icon_minus-06\"><\/span>\n    <\/span>\n<\/span>\n<\/h4>\n<div  class=\"qode-accordion-content \" >\n    <div class=\"qode-accordion-content-inner\">\n        [vc_column_text]Animation collective de fili\u00e8res \u00e0 fort potentiel sur le bassin al\u00e9sien :[\/vc_column_text][vc_empty_space][vc_tta_section tab_id=\u00a0\u00bb1524477321366-bae7a2f8-634d\u00a0\u00bb title=\u00a0\u00bbIndustrie \/ Industrie du Futur\u00a0\u00bb][vc_column_text]<\/p>\n<ul>\n<li>Accompagnement \u00e0 la strat\u00e9gie d\u2019entreprise<\/li>\n<li>Accompagnement aux mutations \u00e9conomiques<\/li>\n<li>Solutions immobili\u00e8res et fonci\u00e8res sur mesure<\/li>\n<li>Ing\u00e9nierie financi\u00e8re<\/li>\n<li>Pilotage des projets \u00ab\u00a0Territoire d&rsquo;Industrie\u00a0\u00bb<\/li>\n<\/ul>\n<p>[\/vc_column_text][vc_empty_space height=\u00a0\u00bb20px\u00a0\u00bb][\/vc_tta_section][vc_tta_section tab_id=\u00a0\u00bb1524477331143-d461b615-f215&Prime; title=\u00a0\u00bbAgroalimentaire, Agriculture, Bois\u00a0\u00bb][vc_column_text]<\/p>\n<ul>\n<li>Accompagnement au d\u00e9veloppement des entreprises de la fili\u00e8re<\/li>\n<li>D\u00e9veloppement des circuits courts<\/li>\n<li>Appui \u00e0 l\u2019\u00e9mergence de nouvelles fili\u00e8res<\/li>\n<li>Animation et structuration de ces fili\u00e8res<\/li>\n<li>Optimisation des positions de march\u00e9<\/li>\n<li>Appui \u00e0 l\u2019innovation<\/li>\n<\/ul>\n<p>[\/vc_column_text][vc_empty_space height=\u00a0\u00bb20px\u00a0\u00bb][\/vc_tta_section][vc_tta_section tab_id=\u00a0\u00bb1524487792837-213d8b2c-14e7&Prime; title=\u00a0\u00bbSports m\u00e9caniques, mobilit\u00e9 durable et v\u00e9hicules historiques\u00a0\u00bb][vc_column_text]<\/p>\n<ul>\n<li>Appui au d\u00e9veloppement et \u00e0 l\u2019innovation<\/li>\n<li>Promotion des savoir-faire et des acteurs<\/li>\n<li>Mise en r\u00e9seaux et animation de la fili\u00e8re<\/li>\n<li>Organisation d\u2019\u00e9v\u00e9nements en lien avec le P\u00f4le M\u00e9canique<\/li>\n<\/ul>\n<p>[\/vc_column_text][\/vc_tta_section]    <\/div>\n<\/div><h4 class=\"clearfix qode-title-holder\">\n<span class=\"qode-tab-title\">\n\t    <span class=\"qode-tab-title-inner\">\n        BO\u00ceTE A OUTILS    <\/span>\n<\/span>\n<span class=\"qode-accordion-mark\">\n    <span class=\"qode-accordion-mark-icon\">\n        <span class=\"icon_plus\"><\/span>\n        <span class=\"icon_minus-06\"><\/span>\n    <\/span>\n<\/span>\n<\/h4>\n<div  class=\"qode-accordion-content \" >\n    <div class=\"qode-accordion-content-inner\">\n        [vc_column_text]<\/p>\n<ul>\n<li>R\u00e9seaux d\u2019experts au service des projets<\/li>\n<li>Veille \u00e9conomique :\u00a0<strong><a href=\"https:\/\/alesmyriapolis.com\/index.php\/cellule-eco-covid19\/\">Cellule de soutien \u00e9conomique COVID-19<\/a><\/strong><\/li>\n<\/ul>\n<p>[\/vc_column_text]    <\/div>\n<\/div><\/div>[vc_empty_space][\/vc_column][vc_column width=\u00a0\u00bb1\/3&Prime;][vc_empty_space][vc_empty_space]<div class=\"qode-info-card-with-icon\">\n    <div class=\"qode-icwi-image-icon-holder qode-start-icon-hover\">\n\t\t\t\t\t\t<div class=\"qode-icwi-icon-holder\">\n\t\t\t<span class=\"qode-icon-holder qode-icon-circle qode-icon-tiny\"   >\n\t\t\t\t<span aria-hidden=\"true\" class=\"qode_icon_font_elegant  qode-icon-element\" style=\"\" ><\/span>\t\t\t<\/span>\n\t\t<\/div>\n\t\t\t<\/div>\n\t<div class=\"qode-icwi-text-holder\">\n\t\t\t\t\t<h5 class=\"qode-icwi-title\">\n\t\t\t\tPARTENAIRES\t\t\t<\/h5>\n\t\t\t\t\t\t\t<p class=\"qode-icwi-text\">\n\t\t\t\tAD&#039;OCC, Leader Al\u00e8s, R\u00e9gion Occitanie, IMT Mines Al\u00e8s, P\u00f4le M\u00e9canique Al\u00e8s C\u00e9vennes, CCI du Gard, Chambre des M\u00e9tiers du Gard, Chambre d&#039;Agriculture du Gard, SMEG 30, Innov&#039;Alim, Terralia, P\u00f4le Agri Sud-Ouest Innovation, Services de l&#039;Etat, Gal C\u00e9vennes, CTCPA, Initiative Gard, SAFER, CNPA, ENEDIS, TOTAL, CFA CCI Sud Formation, OPCO Mobilit\u00e9s...\t\t\t<\/p>\n\t\t\t<\/div>\n<\/div>[vc_empty_space][\/vc_column][\/vc_row][vc_row css_animation=\u00a0\u00bb\u00a0\u00bb row_type=\u00a0\u00bbrow\u00a0\u00bb use_row_as_full_screen_section=\u00a0\u00bbno\u00a0\u00bb type=\u00a0\u00bbfull_width\u00a0\u00bb angled_section=\u00a0\u00bbno\u00a0\u00bb text_align=\u00a0\u00bbleft\u00a0\u00bb background_image_as_pattern=\u00a0\u00bbwithout_pattern\u00a0\u00bb][vc_column][vc_zigzag][vc_empty_space][\/vc_column][\/vc_row][vc_row css_animation=\u00a0\u00bb\u00a0\u00bb row_type=\u00a0\u00bbrow\u00a0\u00bb use_row_as_full_screen_section=\u00a0\u00bbno\u00a0\u00bb type=\u00a0\u00bbfull_width\u00a0\u00bb angled_section=\u00a0\u00bbno\u00a0\u00bb text_align=\u00a0\u00bbleft\u00a0\u00bb background_image_as_pattern=\u00a0\u00bbwithout_pattern\u00a0\u00bb][vc_column width=\u00a0\u00bb2\/3&Prime;][vc_empty_space][vc_empty_space]<div class=\"qode-accordion-holder clearfix qode-accordion qode-initial \">\n\t<h4 class=\"clearfix qode-title-holder\">\n<span class=\"qode-tab-title\">\n\t    <span class=\"qode-tab-title-inner\">\n        IMPLANTATION - ATTRACTIVIT\u00c9    <\/span>\n<\/span>\n<span class=\"qode-accordion-mark\">\n    <span class=\"qode-accordion-mark-icon\">\n        <span class=\"icon_plus\"><\/span>\n        <span class=\"icon_minus-06\"><\/span>\n    <\/span>\n<\/span>\n<\/h4>\n<div  class=\"qode-accordion-content \" >\n    <div class=\"qode-accordion-content-inner\">\n        [vc_column_text]<\/p>\n<ul>\n<li>Recherche de solutions fonci\u00e8re et immobili\u00e8res<\/li>\n<li>Prospection d\u2019entreprises<\/li>\n<li>Promotion du territoire et attractivit\u00e9<\/li>\n<\/ul>\n<p>[\/vc_column_text]    <\/div>\n<\/div><h4 class=\"clearfix qode-title-holder\">\n<span class=\"qode-tab-title\">\n\t    <span class=\"qode-tab-title-inner\">\n        BO\u00ceTE A OUTILS    <\/span>\n<\/span>\n<span class=\"qode-accordion-mark\">\n    <span class=\"qode-accordion-mark-icon\">\n        <span class=\"icon_plus\"><\/span>\n        <span class=\"icon_minus-06\"><\/span>\n    <\/span>\n<\/span>\n<\/h4>\n<div  class=\"qode-accordion-content \" >\n    <div class=\"qode-accordion-content-inner\">\n        [vc_column_text]<\/p>\n<ul>\n<li>Bourse aux locaux<\/li>\n<li>Contacts avec les op\u00e9rateurs immobiliers<\/li>\n<li>Ev\u00e9nementiel sp\u00e9cifique<\/li>\n<li>Offre d\u00e9di\u00e9e \u00e0 la transmission &#8211; reprise<\/li>\n<li>P\u00e9pini\u00e8res, h\u00f4tels d\u2019entreprises, ateliers relais<\/li>\n<\/ul>\n<p>&nbsp;<\/p>\n<p>Prospection :<\/p>\n<ul>\n<li>Concours Al\u00e8s Audace<\/li>\n<li>Organisation d\u2019\u00e9v\u00e9nements d\u00e9di\u00e9s (petits d\u00e9jeuners, after work)<\/li>\n<li>Actions de marketing cibl\u00e9es<\/li>\n<li>Salons professionnels, promotion web, attach\u00e9s de presse, \u2026<\/li>\n<\/ul>\n<p>[\/vc_column_text]    <\/div>\n<\/div><\/div>[vc_empty_space][\/vc_column][vc_column width=\u00a0\u00bb1\/3&Prime;][vc_empty_space][vc_empty_space]<div class=\"qode-info-card-with-icon\">\n    <div class=\"qode-icwi-image-icon-holder qode-start-icon-hover\">\n\t\t\t\t\t\t<div class=\"qode-icwi-icon-holder\">\n\t\t\t<span class=\"qode-icon-holder qode-icon-circle qode-icon-tiny\"   >\n\t\t\t\t<span aria-hidden=\"true\" class=\"qode_icon_font_elegant  qode-icon-element\" style=\"\" ><\/span>\t\t\t<\/span>\n\t\t<\/div>\n\t\t\t<\/div>\n\t<div class=\"qode-icwi-text-holder\">\n\t\t\t\t\t<h5 class=\"qode-icwi-title\">\n\t\t\t\tPARTENAIRES\t\t\t<\/h5>\n\t\t\t\t\t\t\t<p class=\"qode-icwi-text\">\n\t\t\t\tAD&#039;OCC, R\u00e9gion Occitanie, Relance, SAEM Al\u00e8s, OT Al\u00e8s Agglom\u00e9ration, CCI Gard, IMT Mines Al\u00e8s, Leader Al\u00e8s\t\t\t<\/p>\n\t\t\t<\/div>\n<\/div>[vc_empty_space][\/vc_column][\/vc_row][vc_row css_animation=\u00a0\u00bb\u00a0\u00bb row_type=\u00a0\u00bbrow\u00a0\u00bb use_row_as_full_screen_section=\u00a0\u00bbno\u00a0\u00bb type=\u00a0\u00bbfull_width\u00a0\u00bb angled_section=\u00a0\u00bbno\u00a0\u00bb text_align=\u00a0\u00bbleft\u00a0\u00bb background_image_as_pattern=\u00a0\u00bbwithout_pattern\u00a0\u00bb][vc_column][vc_zigzag][vc_empty_space][\/vc_column][\/vc_row][vc_row css_animation=\u00a0\u00bb\u00a0\u00bb row_type=\u00a0\u00bbrow\u00a0\u00bb use_row_as_full_screen_section=\u00a0\u00bbno\u00a0\u00bb type=\u00a0\u00bbfull_width\u00a0\u00bb angled_section=\u00a0\u00bbno\u00a0\u00bb text_align=\u00a0\u00bbleft\u00a0\u00bb background_image_as_pattern=\u00a0\u00bbwithout_pattern\u00a0\u00bb][vc_column width=\u00a0\u00bb2\/3&Prime;][vc_empty_space][vc_empty_space]<div class=\"qode-accordion-holder clearfix qode-accordion qode-initial \">\n\t<h4 class=\"clearfix qode-title-holder\">\n<span class=\"qode-tab-title\">\n\t    <span class=\"qode-tab-title-inner\">\n        RH - EMPLOI - FORMATION    <\/span>\n<\/span>\n<span class=\"qode-accordion-mark\">\n    <span class=\"qode-accordion-mark-icon\">\n        <span class=\"icon_plus\"><\/span>\n        <span class=\"icon_minus-06\"><\/span>\n    <\/span>\n<\/span>\n<\/h4>\n<div  class=\"qode-accordion-content \" >\n    <div class=\"qode-accordion-content-inner\">\n        [vc_column_text]<\/p>\n<ul>\n<li>Coordination du Campus Num\u00e9rique d&rsquo;Al\u00e8s Agglom\u00e9ration DIGIT&rsquo;Al\u00e8s\u00a0(Ecole r\u00e9gionale du num\u00e9rique Simplon, Licence Cybers\u00e9curit\u00e9 CNAM, Tiers-lieu e-formation&#8230;)<\/li>\n<li>Pilotage de la Plateforme RH Al\u00e8s C\u00e9vennes et du dispositif \u00ab\u00a0Transitions Collectives\u00a0\u00bb<\/li>\n<li>Accompagnement \u00e0 la recherche de profils (aide \u00e0 la d\u00e9finition de fiche de poste, organisation de job dating avec l&rsquo;appui de partenaires emploi&#8230;)<\/li>\n<li>Identification des besoins en comp\u00e9tences pour le d\u00e9ploiement de nouveaux parcours de formation<\/li>\n<li>Mise en relation \u00e9tudiants \/ entreprises \/ partenaires emploi-formation<\/li>\n<\/ul>\n<p>[\/vc_column_text]    <\/div>\n<\/div><h4 class=\"clearfix qode-title-holder\">\n<span class=\"qode-tab-title\">\n\t    <span class=\"qode-tab-title-inner\">\n        BO\u00ceTE A OUTILS    <\/span>\n<\/span>\n<span class=\"qode-accordion-mark\">\n    <span class=\"qode-accordion-mark-icon\">\n        <span class=\"icon_plus\"><\/span>\n        <span class=\"icon_minus-06\"><\/span>\n    <\/span>\n<\/span>\n<\/h4>\n<div  class=\"qode-accordion-content \" >\n    <div class=\"qode-accordion-content-inner\">\n        [vc_column_text]<\/p>\n<ul>\n<li>DIGIT&rsquo;Al\u00e8s :\u00a0P\u00e9pini\u00e8re de start-up et espace de coworking<\/li>\n<li>Veille \u00e9conomique :\u00a0<a href=\"https:\/\/alesmyriapolis.com\/index.php\/aides-a-lembauche-et-a-la-formation\/\"><strong>plateforme RH<\/strong><\/a><\/li>\n<li>Organisation d\u2019\u00e9v\u00e9nements<\/li>\n<\/ul>\n<p>[\/vc_column_text]    <\/div>\n<\/div><\/div>[vc_empty_space][\/vc_column][vc_column width=\u00a0\u00bb1\/3&Prime;][vc_empty_space][vc_empty_space]<div class=\"qode-info-card-with-icon\">\n    <div class=\"qode-icwi-image-icon-holder qode-start-icon-hover\">\n\t\t\t\t\t\t<div class=\"qode-icwi-icon-holder\">\n\t\t\t<span class=\"qode-icon-holder qode-icon-circle qode-icon-tiny\"   >\n\t\t\t\t<span aria-hidden=\"true\" class=\"qode_icon_font_elegant  qode-icon-element\" style=\"\" ><\/span>\t\t\t<\/span>\n\t\t<\/div>\n\t\t\t<\/div>\n\t<div class=\"qode-icwi-text-holder\">\n\t\t\t\t\t<h5 class=\"qode-icwi-title\">\n\t\t\t\tPARTENAIRES\t\t\t<\/h5>\n\t\t\t\t\t\t\t<p class=\"qode-icwi-text\">\n\t\t\t\tR\u00e9gion Occitanie, Simplon Occitanie, CNAM Occitanie, IMT Mines Al\u00e8s, Leader Al\u00e8s, garDigital, French Tech Gard, French Tech M\u00e9diterran\u00e9e, P\u00f4le Emploi, MLJ, PLIE C\u00e9venol, DIRECCTE Occitanie UD30, Organismes de formation locaux et r\u00e9gionaux...\t\t\t<\/p>\n\t\t\t<\/div>\n<\/div>[vc_empty_space][\/vc_column][\/vc_row][vc_row css_animation=\u00a0\u00bb\u00a0\u00bb row_type=\u00a0\u00bbrow\u00a0\u00bb use_row_as_full_screen_section=\u00a0\u00bbno\u00a0\u00bb type=\u00a0\u00bbfull_width\u00a0\u00bb angled_section=\u00a0\u00bbno\u00a0\u00bb text_align=\u00a0\u00bbleft\u00a0\u00bb background_image_as_pattern=\u00a0\u00bbwithout_pattern\u00a0\u00bb][vc_column][vc_empty_space height=\u00a0\u00bb80px\u00a0\u00bb][\/vc_column][\/vc_row]<\/p>\n","protected":false},"excerpt":{"rendered":"<p>[vc_row css_animation=\u00a0\u00bb\u00a0\u00bb row_type=\u00a0\u00bbrow\u00a0\u00bb use_row_as_full_screen_section=\u00a0\u00bbno\u00a0\u00bb type=\u00a0\u00bbfull_width\u00a0\u00bb angled_section=\u00a0\u00bbno\u00a0\u00bb text_align=\u00a0\u00bbleft\u00a0\u00bb background_image_as_pattern=\u00a0\u00bbwithout_pattern\u00a0\u00bb][vc_column width=\u00a0\u00bb2\/3&Prime;][vc_empty_space][\/vc_column][vc_column width=\u00a0\u00bb1\/3&Prime;][vc_empty_space][vc_row_inner row_type=\u00a0\u00bbrow\u00a0\u00bb type=\u00a0\u00bbfull_width\u00a0\u00bb text_align=\u00a0\u00bbleft\u00a0\u00bb css_animation=\u00a0\u00bb\u00a0\u00bb][vc_column_inner css=\u00a0\u00bb.vc_custom_1616498415888{margin-top: 10px !important;margin-right: -20px !important;margin-bottom: 10px !important;margin-left: 15px !important;background-color: #ffffff !important;}\u00a0\u00bb][vc_column_text] MEMBRE DU R\u00c9SO IP+ [\/vc_column_text][vc_empty_space&#8230;<\/p>\n","protected":false},"author":1,"featured_media":0,"parent":0,"menu_order":0,"comment_status":"closed","ping_status":"closed","template":"","meta":{"footnotes":"","_links_to":"","_links_to_target":""},"class_list":["post-587","page","type-page","status-publish","hentry"],"_links":{"self":[{"href":"https:\/\/www.alesmyriapolis.com\/index.php\/wp-json\/wp\/v2\/pages\/587","targetHints":{"allow":["GET"]}}],"collection":[{"href":"https:\/\/www.alesmyriapolis.com\/index.php\/wp-json\/wp\/v2\/pages"}],"about":[{"href":"https:\/\/www.alesmyriapolis.com\/index.php\/wp-json\/wp\/v2\/types\/page"}],"author":[{"embeddable":true,"href":"https:\/\/www.alesmyriapolis.com\/index.php\/wp-json\/wp\/v2\/users\/1"}],"replies":[{"embeddable":true,"href":"https:\/\/www.alesmyriapolis.com\/index.php\/wp-json\/wp\/v2\/comments?post=587"}],"version-history":[{"count":91,"href":"https:\/\/www.alesmyriapolis.com\/index.php\/wp-json\/wp\/v2\/pages\/587\/revisions"}],"predecessor-version":[{"id":2886,"href":"https:\/\/www.alesmyriapolis.com\/index.php\/wp-json\/wp\/v2\/pages\/587\/revisions\/2886"}],"wp:attachment":[{"href":"https:\/\/www.alesmyriapolis.com\/index.php\/wp-json\/wp\/v2\/media?parent=587"}],"curies":[{"name":"wp","href":"https:\/\/api.w.org\/{rel}","templated":true}]}}