{"id":634,"date":"2018-04-23T16:40:37","date_gmt":"2018-04-23T14:40:37","guid":{"rendered":"http:\/\/alesmyriapolis.com\/?page_id=634"},"modified":"2020-11-27T19:00:53","modified_gmt":"2020-11-27T18:00:53","slug":"le-territoire-ales-cevennes","status":"publish","type":"page","link":"https:\/\/www.alesmyriapolis.com\/index.php\/le-territoire-ales-cevennes\/","title":{"rendered":"Le territoire Al\u00e8s C\u00e9vennes"},"content":{"rendered":"<p>[vc_row css_animation=\u00a0\u00bb\u00a0\u00bb row_type=\u00a0\u00bbrow\u00a0\u00bb use_row_as_full_screen_section=\u00a0\u00bbno\u00a0\u00bb type=\u00a0\u00bbfull_width\u00a0\u00bb angled_section=\u00a0\u00bbno\u00a0\u00bb text_align=\u00a0\u00bbleft\u00a0\u00bb background_image_as_pattern=\u00a0\u00bbwithout_pattern\u00a0\u00bb z_index=\u00a0\u00bb\u00a0\u00bb][vc_column width=\u00a0\u00bb1\/2&Prime;][vc_empty_space][vc_video link=\u00a0\u00bbhttps:\/\/www.youtube.com\/watch?v=V8TZBe6I8Kc\u00a0\u00bb][vc_empty_space][\/vc_column][vc_column width=\u00a0\u00bb1\/2&Prime;][vc_single_image image=\u00a0\u00bb659&Prime; img_size=\u00a0\u00bbfull\u00a0\u00bb qode_css_animation=\u00a0\u00bb\u00a0\u00bb][\/vc_column][\/vc_row][vc_row css_animation=\u00a0\u00bb\u00a0\u00bb row_type=\u00a0\u00bbrow\u00a0\u00bb use_row_as_full_screen_section=\u00a0\u00bbno\u00a0\u00bb type=\u00a0\u00bbfull_width\u00a0\u00bb angled_section=\u00a0\u00bbno\u00a0\u00bb text_align=\u00a0\u00bbleft\u00a0\u00bb background_image_as_pattern=\u00a0\u00bbwithout_pattern\u00a0\u00bb css=\u00a0\u00bb.vc_custom_1606498511529{padding-top: 40px !important;}\u00a0\u00bb z_index=\u00a0\u00bb\u00a0\u00bb][vc_column][vc_column_text]<\/p>\n<h4 style=\"text-align: center;\">2e meilleure agglo de France pour entreprendre<\/h4>\n<p>[\/vc_column_text][\/vc_column][\/vc_row][vc_row css_animation=\u00a0\u00bb\u00a0\u00bb row_type=\u00a0\u00bbrow\u00a0\u00bb use_row_as_full_screen_section=\u00a0\u00bbno\u00a0\u00bb type=\u00a0\u00bbfull_width\u00a0\u00bb angled_section=\u00a0\u00bbno\u00a0\u00bb text_align=\u00a0\u00bbleft\u00a0\u00bb background_image_as_pattern=\u00a0\u00bbwithout_pattern\u00a0\u00bb][vc_column][vc_empty_space][\/vc_column][\/vc_row][vc_row css_animation=\u00a0\u00bb\u00a0\u00bb row_type=\u00a0\u00bbrow\u00a0\u00bb use_row_as_full_screen_section=\u00a0\u00bbno\u00a0\u00bb type=\u00a0\u00bbfull_width\u00a0\u00bb angled_section=\u00a0\u00bbno\u00a0\u00bb text_align=\u00a0\u00bbleft\u00a0\u00bb background_image_as_pattern=\u00a0\u00bbwithout_pattern\u00a0\u00bb][vc_column width=\u00a0\u00bb1\/3&Prime;]<div class=\"q_counter_holder  left boxed_counter\" style=\"\" data-digit=\"15000\"><span class=\"counter  zero\" style=\"\">15000<\/span><span class=\"separator small\" style=\"\"><\/span><p class=\"counter_text\" style=\"\">\u00e9tablissements<\/p><\/div>[\/vc_column][vc_column width=\u00a0\u00bb1\/3&Prime;]<div class=\"q_counter_holder  left boxed_counter\" style=\"\" data-digit=\"113\"><span class=\"counter  zero\" style=\"\">113<\/span><span class=\"separator small\" style=\"\"><\/span><p class=\"counter_text\" style=\"\">ZAE r\u00e9parties sur 1700 hectares<\/p><\/div>[\/vc_column][vc_column width=\u00a0\u00bb1\/3&Prime;]<div class=\"q_counter_holder  left boxed_counter\" style=\"\" data-digit=\"40000\"><span class=\"counter  zero\" style=\"\">40000<\/span><span class=\"separator small\" style=\"\"><\/span><p class=\"counter_text\" style=\"\">hectares de surfaces agricoles<\/p><\/div>[\/vc_column][\/vc_row][vc_row css_animation=\u00a0\u00bb\u00a0\u00bb row_type=\u00a0\u00bbrow\u00a0\u00bb use_row_as_full_screen_section=\u00a0\u00bbno\u00a0\u00bb type=\u00a0\u00bbfull_width\u00a0\u00bb angled_section=\u00a0\u00bbno\u00a0\u00bb text_align=\u00a0\u00bbleft\u00a0\u00bb background_image_as_pattern=\u00a0\u00bbwithout_pattern\u00a0\u00bb][vc_column][vc_empty_space][\/vc_column][\/vc_row][vc_row css_animation=\u00a0\u00bb\u00a0\u00bb row_type=\u00a0\u00bbrow\u00a0\u00bb use_row_as_full_screen_section=\u00a0\u00bbno\u00a0\u00bb type=\u00a0\u00bbfull_width\u00a0\u00bb angled_section=\u00a0\u00bbno\u00a0\u00bb text_align=\u00a0\u00bbleft\u00a0\u00bb background_image_as_pattern=\u00a0\u00bbwithout_pattern\u00a0\u00bb][vc_column width=\u00a0\u00bb2\/3&Prime;]<div class='q_progress_bar'><h5 class='progress_title_holder clearfix' style=''><span class='progress_title'><span>Economie pr\u00e9sentielle<\/span><\/span><span class='progress_number' style=''><span>0<\/span>%<\/span><\/h5><div class='progress_content_outer' style=''><div data-percentage='75' class='progress_content' style=''><\/div><\/div><\/div><div class='q_progress_bar'><h5 class='progress_title_holder clearfix' style=''><span class='progress_title'><span>Economie productive<\/span><\/span><span class='progress_number' style=''><span>0<\/span>%<\/span><\/h5><div class='progress_content_outer' style=''><div data-percentage='25' class='progress_content' style=''><\/div><\/div><\/div>[\/vc_column][vc_column width=\u00a0\u00bb1\/3&Prime;]<div class=\"q_pie_chart_with_icon_holder\"><div class=\"q_percentage_with_icon\" data-percent=\"95\" data-linewidth=\"\" data-active=\"\" data-noactive=\"\"><i class=\"fa fa-users fa-2x\"><\/i><\/div><div class=\"pie_chart_text\"><p >95% des entreprises ont moins de 10 salari\u00e9s<\/p><\/div><\/div>[\/vc_column][\/vc_row][vc_row css_animation=\u00a0\u00bb\u00a0\u00bb row_type=\u00a0\u00bbrow\u00a0\u00bb use_row_as_full_screen_section=\u00a0\u00bbno\u00a0\u00bb type=\u00a0\u00bbfull_width\u00a0\u00bb angled_section=\u00a0\u00bbno\u00a0\u00bb text_align=\u00a0\u00bbleft\u00a0\u00bb background_image_as_pattern=\u00a0\u00bbwithout_pattern\u00a0\u00bb][vc_column][vc_empty_space][\/vc_column][\/vc_row][vc_row css_animation=\u00a0\u00bb\u00a0\u00bb row_type=\u00a0\u00bbrow\u00a0\u00bb use_row_as_full_screen_section=\u00a0\u00bbno\u00a0\u00bb type=\u00a0\u00bbfull_width\u00a0\u00bb angled_section=\u00a0\u00bbno\u00a0\u00bb text_align=\u00a0\u00bbleft\u00a0\u00bb background_image_as_pattern=\u00a0\u00bbwithout_pattern\u00a0\u00bb][vc_column width=\u00a0\u00bb1\/4&Prime;][vc_hoverbox image=\u00a0\u00bb655&Prime; primary_title=\u00a0\u00bb\u00a0\u00bb hover_title=\u00a0\u00bb\u00a0\u00bb]<\/p>\n<h5>Une situation privil\u00e9gi\u00e9e<\/h5>\n<p>Climat m\u00e9diterran\u00e9en, 282 jours d&rsquo;ensoleillement par an, \u00e0 1h00 de Montpellier, 30 minutes de N\u00eemes, 1h30 de Marseille.[\/vc_hoverbox][\/vc_column][vc_column width=\u00a0\u00bb1\/4&Prime;][vc_hoverbox image=\u00a0\u00bb643&Prime; primary_title=\u00a0\u00bb\u00a0\u00bb hover_title=\u00a0\u00bb\u00a0\u00bb]<\/p>\n<h5>Territoire du bien-vivre<\/h5>\n<p>+11% de croissance d\u00e9mographique[\/vc_hoverbox][\/vc_column][vc_column width=\u00a0\u00bb1\/4&Prime;][vc_hoverbox image=\u00a0\u00bb2233&Prime; primary_title=\u00a0\u00bb\u00a0\u00bb hover_title=\u00a0\u00bb\u00a0\u00bb]<\/p>\n<h5>Un vaste p\u00f4le de services<\/h5>\n<p>Education, sport, loisirs, culture&#8230;<br \/>\nDes \u00e9quipements et infrastructures attractifs pour tous ![\/vc_hoverbox][\/vc_column][vc_column width=\u00a0\u00bb1\/4&Prime;][vc_hoverbox image=\u00a0\u00bb653&Prime; primary_title=\u00a0\u00bb\u00a0\u00bb hover_title=\u00a0\u00bb\u00a0\u00bb]<\/p>\n<h5>Classement UNESCO<\/h5>\n<p>Causses et C\u00e9vennes : paysages class\u00e9s au titre du patrimoine mondial de l&rsquo;humanit\u00e9[\/vc_hoverbox][\/vc_column][\/vc_row][vc_row css_animation=\u00a0\u00bb\u00a0\u00bb row_type=\u00a0\u00bbrow\u00a0\u00bb use_row_as_full_screen_section=\u00a0\u00bbno\u00a0\u00bb type=\u00a0\u00bbfull_width\u00a0\u00bb angled_section=\u00a0\u00bbno\u00a0\u00bb text_align=\u00a0\u00bbleft\u00a0\u00bb background_image_as_pattern=\u00a0\u00bbwithout_pattern\u00a0\u00bb][vc_column][vc_empty_space height=\u00a0\u00bb50px\u00a0\u00bb][\/vc_column][\/vc_row]<\/p>\n","protected":false},"excerpt":{"rendered":"<p>[vc_row css_animation=\u00a0\u00bb\u00a0\u00bb row_type=\u00a0\u00bbrow\u00a0\u00bb use_row_as_full_screen_section=\u00a0\u00bbno\u00a0\u00bb type=\u00a0\u00bbfull_width\u00a0\u00bb angled_section=\u00a0\u00bbno\u00a0\u00bb text_align=\u00a0\u00bbleft\u00a0\u00bb background_image_as_pattern=\u00a0\u00bbwithout_pattern\u00a0\u00bb z_index=\u00a0\u00bb\u00a0\u00bb][vc_column width=\u00a0\u00bb1\/2&Prime;][vc_empty_space][vc_video link=\u00a0\u00bbhttps:\/\/www.youtube.com\/watch?v=V8TZBe6I8Kc\u00a0\u00bb][vc_empty_space][\/vc_column][vc_column width=\u00a0\u00bb1\/2&Prime;][vc_single_image image=\u00a0\u00bb659&Prime; img_size=\u00a0\u00bbfull\u00a0\u00bb qode_css_animation=\u00a0\u00bb\u00a0\u00bb][\/vc_column][\/vc_row][vc_row css_animation=\u00a0\u00bb\u00a0\u00bb row_type=\u00a0\u00bbrow\u00a0\u00bb use_row_as_full_screen_section=\u00a0\u00bbno\u00a0\u00bb type=\u00a0\u00bbfull_width\u00a0\u00bb angled_section=\u00a0\u00bbno\u00a0\u00bb text_align=\u00a0\u00bbleft\u00a0\u00bb background_image_as_pattern=\u00a0\u00bbwithout_pattern\u00a0\u00bb css=\u00a0\u00bb.vc_custom_1606498511529{padding-top: 40px !important;}\u00a0\u00bb z_index=\u00a0\u00bb\u00a0\u00bb][vc_column][vc_column_text] 2e meilleure agglo de&#8230;<\/p>\n","protected":false},"author":1,"featured_media":0,"parent":0,"menu_order":0,"comment_status":"closed","ping_status":"closed","template":"","meta":{"footnotes":"","_links_to":"","_links_to_target":""},"class_list":["post-634","page","type-page","status-publish","hentry"],"_links":{"self":[{"href":"https:\/\/www.alesmyriapolis.com\/index.php\/wp-json\/wp\/v2\/pages\/634","targetHints":{"allow":["GET"]}}],"collection":[{"href":"https:\/\/www.alesmyriapolis.com\/index.php\/wp-json\/wp\/v2\/pages"}],"about":[{"href":"https:\/\/www.alesmyriapolis.com\/index.php\/wp-json\/wp\/v2\/types\/page"}],"author":[{"embeddable":true,"href":"https:\/\/www.alesmyriapolis.com\/index.php\/wp-json\/wp\/v2\/users\/1"}],"replies":[{"embeddable":true,"href":"https:\/\/www.alesmyriapolis.com\/index.php\/wp-json\/wp\/v2\/comments?post=634"}],"version-history":[{"count":37,"href":"https:\/\/www.alesmyriapolis.com\/index.php\/wp-json\/wp\/v2\/pages\/634\/revisions"}],"predecessor-version":[{"id":664,"href":"https:\/\/www.alesmyriapolis.com\/index.php\/wp-json\/wp\/v2\/pages\/634\/revisions\/664"}],"wp:attachment":[{"href":"https:\/\/www.alesmyriapolis.com\/index.php\/wp-json\/wp\/v2\/media?parent=634"}],"curies":[{"name":"wp","href":"https:\/\/api.w.org\/{rel}","templated":true}]}}